{"id":645,"date":"2025-04-15T08:58:47","date_gmt":"2025-04-15T08:58:47","guid":{"rendered":"https:\/\/atelierlundileandre.com\/?post_type=product&#038;p=645"},"modified":"2025-04-22T12:27:15","modified_gmt":"2025-04-22T12:27:15","slug":"les-amantes-2023","status":"publish","type":"product","link":"https:\/\/atelierlundileandre.com\/en\/product\/les-amantes-2023\/","title":{"rendered":"Lovers, 2023"},"content":{"rendered":"<p><span style=\"font-size: 17px;\">A4 reproduction printed<\/span><br \/>\n<span style=\"font-size: 17px;\">textured fine art paper <\/span><br \/>\n<span style=\"font-size: 17px;\">\u2013 \u20ac20 <\/span><\/p>\n<p class=\"translation-block\"><span style=\"font-size: 17px\">A reproduction from the Frivoles? series, capturing the fleeting intimacy of two lovers sharing a kiss behind the delicate concealment of a fan.<\/span><br>\n<span style=\"font-size: 17px\">Soft colors and sumptuous fabrics evoke a hushed, intimate world, while a subtle hint of intrusion casts the viewer as a silent witness to this secret embrace.<\/span><\/p>","protected":false},"excerpt":{"rendered":"<p class=\"translation-block\" data-start=\"292\" data-end=\"605\">A reproduction from the Frivoles? series, capturing the moment of a kiss shared behind a fan. The intimate and refined atmosphere is blended with a subtle sense of intrusion, making us witnesses to a secret embrace.<\/p>","protected":false},"featured_media":2000,"comment_status":"open","ping_status":"closed","template":"","meta":{"site-sidebar-layout":"default","site-content-layout":"","ast-site-content-layout":"default","site-content-style":"default","site-sidebar-style":"default","ast-global-header-display":"","ast-banner-title-visibility":"","ast-main-header-display":"","ast-hfb-above-header-display":"","ast-hfb-below-header-display":"","ast-hfb-mobile-header-display":"","site-post-title":"","ast-breadcrumbs-content":"","ast-featured-img":"","footer-sml-layout":"","ast-disable-related-posts":"","theme-transparent-header-meta":"default","adv-header-id-meta":"","stick-header-meta":"","header-above-stick-meta":"","header-main-stick-meta":"","header-below-stick-meta":"","astra-migrate-meta-layouts":"set","ast-page-background-enabled":"default","ast-page-background-meta":{"desktop":{"background-color":"var(--ast-global-color-4)","background-image":"","background-repeat":"repeat","background-position":"center center","background-size":"auto","background-attachment":"scroll","background-type":"","background-media":"","overlay-type":"","overlay-color":"","overlay-opacity":"","overlay-gradient":""},"tablet":{"background-color":"","background-image":"","background-repeat":"repeat","background-position":"center center","background-size":"auto","background-attachment":"scroll","background-type":"","background-media":"","overlay-type":"","overlay-color":"","overlay-opacity":"","overlay-gradient":""},"mobile":{"background-color":"","background-image":"","background-repeat":"repeat","background-position":"center center","background-size":"auto","background-attachment":"scroll","background-type":"","background-media":"","overlay-type":"","overlay-color":"","overlay-opacity":"","overlay-gradient":""}},"ast-content-background-meta":{"desktop":{"background-color":"var(--ast-global-color-5)","background-image":"","background-repeat":"repeat","background-position":"center center","background-size":"auto","background-attachment":"scroll","background-type":"","background-media":"","overlay-type":"","overlay-color":"","overlay-opacity":"","overlay-gradient":""},"tablet":{"background-color":"var(--ast-global-color-5)","background-image":"","background-repeat":"repeat","background-position":"center center","background-size":"auto","background-attachment":"scroll","background-type":"","background-media":"","overlay-type":"","overlay-color":"","overlay-opacity":"","overlay-gradient":""},"mobile":{"background-color":"var(--ast-global-color-5)","background-image":"","background-repeat":"repeat","background-position":"center center","background-size":"auto","background-attachment":"scroll","background-type":"","background-media":"","overlay-type":"","overlay-color":"","overlay-opacity":"","overlay-gradient":""}}},"product_brand":[],"product_cat":[31,33],"product_tag":[29,28,38,40,35,36,39,27,30,37],"class_list":{"0":"post-645","1":"product","2":"type-product","3":"status-publish","4":"has-post-thumbnail","6":"product_cat-oeuvres","7":"product_cat-reproductions","8":"product_tag-corps-humain","9":"product_tag-femme","10":"product_tag-format-a4","11":"product_tag-frivoles","12":"product_tag-inspiration-mythologique","13":"product_tag-mythologie","14":"product_tag-peinture","15":"product_tag-peinture-a-lhuile","16":"product_tag-realisme","17":"product_tag-reproduction","18":"desktop-align-left","19":"tablet-align-left","20":"mobile-align-left","22":"first","23":"instock","24":"taxable","25":"shipping-taxable","26":"purchasable","27":"product-type-simple"},"yoast_head":"<!-- This site is optimized with the Yoast SEO plugin v27.1.1 - https:\/\/yoast.com\/product\/yoast-seo-wordpress\/ -->\n<title>Les Amantes \u2013 Reproduction artistique A4 | Jessica Lundi-L\u00e9andre<\/title>\n<meta name=\"description\" content=\"Reproduction &quot;Les Amantes&quot; \u2013 Une sc\u00e8ne intime et myst\u00e9rieuse. Femme de dos, nudit\u00e9 assum\u00e9e, ambiance symboliste. Papier d\u2019art textur\u00e9, format A4, 20 euros.\" \/>\n<meta name=\"robots\" content=\"index, follow, max-snippet:-1, max-image-preview:large, max-video-preview:-1\" \/>\n<link rel=\"canonical\" href=\"https:\/\/atelierlundileandre.com\/en\/product\/les-amantes-2023\/\" \/>\n<meta property=\"og:locale\" content=\"en_US\" \/>\n<meta property=\"og:type\" content=\"article\" \/>\n<meta property=\"og:title\" content=\"Les Amantes \u2013 Reproduction artistique A4 | Jessica Lundi-L\u00e9andre\" \/>\n<meta property=\"og:description\" content=\"Reproduction &quot;Les Amantes&quot; \u2013 Une sc\u00e8ne intime et myst\u00e9rieuse. Femme de dos, nudit\u00e9 assum\u00e9e, ambiance symboliste. Papier d\u2019art textur\u00e9, format A4, 20 euros.\" \/>\n<meta property=\"og:url\" content=\"https:\/\/atelierlundileandre.com\/en\/product\/les-amantes-2023\/\" \/>\n<meta property=\"og:site_name\" content=\"atelierlundileandre.com\" \/>\n<meta property=\"article:modified_time\" content=\"2025-04-22T12:27:15+00:00\" \/>\n<meta property=\"og:image\" content=\"http:\/\/atelierlundileandre.com\/wp-content\/uploads\/2025\/04\/Les-amantes-2-scaled.webp\" \/>\n\t<meta property=\"og:image:width\" content=\"1810\" \/>\n\t<meta property=\"og:image:height\" content=\"2560\" \/>\n\t<meta property=\"og:image:type\" content=\"image\/webp\" \/>\n<meta name=\"twitter:card\" content=\"summary_large_image\" \/>\n<meta name=\"twitter:label1\" content=\"Est. reading time\" \/>\n\t<meta name=\"twitter:data1\" content=\"1 minute\" \/>\n<script type=\"application\/ld+json\" class=\"yoast-schema-graph\">{\"@context\":\"https:\/\/schema.org\",\"@graph\":[{\"@type\":\"WebPage\",\"@id\":\"https:\/\/atelierlundileandre.com\/product\/les-amantes-2023\/\",\"url\":\"https:\/\/atelierlundileandre.com\/product\/les-amantes-2023\/\",\"name\":\"Les Amantes \u2013 Reproduction artistique A4 | Jessica Lundi-L\u00e9andre\",\"isPartOf\":{\"@id\":\"https:\/\/atelierlundileandre.com\/#website\"},\"primaryImageOfPage\":{\"@id\":\"https:\/\/atelierlundileandre.com\/product\/les-amantes-2023\/#primaryimage\"},\"image\":{\"@id\":\"https:\/\/atelierlundileandre.com\/product\/les-amantes-2023\/#primaryimage\"},\"thumbnailUrl\":\"https:\/\/atelierlundileandre.com\/wp-content\/uploads\/2025\/04\/Les-amantes-2-scaled.webp\",\"datePublished\":\"2025-04-15T08:58:47+00:00\",\"dateModified\":\"2025-04-22T12:27:15+00:00\",\"description\":\"Reproduction \\\"Les Amantes\\\" \u2013 Une sc\u00e8ne intime et myst\u00e9rieuse. Femme de dos, nudit\u00e9 assum\u00e9e, ambiance symboliste. Papier d\u2019art textur\u00e9, format A4, 20 euros.\",\"breadcrumb\":{\"@id\":\"https:\/\/atelierlundileandre.com\/product\/les-amantes-2023\/#breadcrumb\"},\"inLanguage\":\"en-US\",\"potentialAction\":[{\"@type\":\"ReadAction\",\"target\":[\"https:\/\/atelierlundileandre.com\/product\/les-amantes-2023\/\"]}]},{\"@type\":\"ImageObject\",\"inLanguage\":\"en-US\",\"@id\":\"https:\/\/atelierlundileandre.com\/product\/les-amantes-2023\/#primaryimage\",\"url\":\"https:\/\/atelierlundileandre.com\/wp-content\/uploads\/2025\/04\/Les-amantes-2-scaled.webp\",\"contentUrl\":\"https:\/\/atelierlundileandre.com\/wp-content\/uploads\/2025\/04\/Les-amantes-2-scaled.webp\",\"width\":1810,\"height\":2560,\"caption\":\"frivolsoes\"},{\"@type\":\"BreadcrumbList\",\"@id\":\"https:\/\/atelierlundileandre.com\/product\/les-amantes-2023\/#breadcrumb\",\"itemListElement\":[{\"@type\":\"ListItem\",\"position\":1,\"name\":\"Accueil\",\"item\":\"https:\/\/atelierlundileandre.com\/\"},{\"@type\":\"ListItem\",\"position\":2,\"name\":\"Shop\",\"item\":\"https:\/\/atelierlundileandre.com\/shop\/\"},{\"@type\":\"ListItem\",\"position\":3,\"name\":\"Les amantes, 2023\"}]},{\"@type\":\"WebSite\",\"@id\":\"https:\/\/atelierlundileandre.com\/#website\",\"url\":\"https:\/\/atelierlundileandre.com\/\",\"name\":\"atelierlundileandre.com\",\"description\":\"\",\"publisher\":{\"@id\":\"https:\/\/atelierlundileandre.com\/#organization\"},\"potentialAction\":[{\"@type\":\"SearchAction\",\"target\":{\"@type\":\"EntryPoint\",\"urlTemplate\":\"https:\/\/atelierlundileandre.com\/?s={search_term_string}\"},\"query-input\":{\"@type\":\"PropertyValueSpecification\",\"valueRequired\":true,\"valueName\":\"search_term_string\"}}],\"inLanguage\":\"en-US\"},{\"@type\":\"Organization\",\"@id\":\"https:\/\/atelierlundileandre.com\/#organization\",\"name\":\"Atelier Lundi-L\u00e9andre\",\"url\":\"https:\/\/atelierlundileandre.com\/\",\"logo\":{\"@type\":\"ImageObject\",\"inLanguage\":\"en-US\",\"@id\":\"https:\/\/atelierlundileandre.com\/#\/schema\/logo\/image\/\",\"url\":\"https:\/\/atelierlundileandre.com\/wp-content\/uploads\/2025\/03\/logo_Atelier-Lundi-Leandre.png\",\"contentUrl\":\"https:\/\/atelierlundileandre.com\/wp-content\/uploads\/2025\/03\/logo_Atelier-Lundi-Leandre.png\",\"width\":2225,\"height\":1918,\"caption\":\"Atelier Lundi-L\u00e9andre\"},\"image\":{\"@id\":\"https:\/\/atelierlundileandre.com\/#\/schema\/logo\/image\/\"},\"sameAs\":[\"https:\/\/www.linkedin.com\/in\/jessica-lundi-landre-70b9422a2?utm_source=share&utm_campaign=share_via&utm_content=profile&utm_medium=ios_app\",\"https:\/\/www.instagram.com\/atelierlundileandre?igsh=aDFmZGN1bHI5bWd3\",\"https:\/\/youtube.com\/@resiliombre?si=d2lRf4BChtUuB1o7\",\"https:\/\/pin.it\/4q4orVDyE\",\"https:\/\/www.tiktok.com\/@resiliombre?_t=ZN-8vUfWa2sbbS&_r=1\"]}]}<\/script>\n<!-- \/ Yoast SEO plugin. -->","yoast_head_json":{"title":"Les Amantes \u2013 Reproduction artistique A4 | Jessica Lundi-L\u00e9andre","description":"Reproduction \"Les Amantes\" \u2013 Une sc\u00e8ne intime et myst\u00e9rieuse. Femme de dos, nudit\u00e9 assum\u00e9e, ambiance symboliste. Papier d\u2019art textur\u00e9, format A4, 20 euros.","robots":{"index":"index","follow":"follow","max-snippet":"max-snippet:-1","max-image-preview":"max-image-preview:large","max-video-preview":"max-video-preview:-1"},"canonical":"https:\/\/atelierlundileandre.com\/en\/product\/les-amantes-2023\/","og_locale":"en_US","og_type":"article","og_title":"Les Amantes \u2013 Reproduction artistique A4 | Jessica Lundi-L\u00e9andre","og_description":"Reproduction \"Les Amantes\" \u2013 Une sc\u00e8ne intime et myst\u00e9rieuse. Femme de dos, nudit\u00e9 assum\u00e9e, ambiance symboliste. Papier d\u2019art textur\u00e9, format A4, 20 euros.","og_url":"https:\/\/atelierlundileandre.com\/en\/product\/les-amantes-2023\/","og_site_name":"atelierlundileandre.com","article_modified_time":"2025-04-22T12:27:15+00:00","og_image":[{"width":1810,"height":2560,"url":"http:\/\/atelierlundileandre.com\/wp-content\/uploads\/2025\/04\/Les-amantes-2-scaled.webp","type":"image\/webp"}],"twitter_card":"summary_large_image","twitter_misc":{"Est. reading time":"1 minute"},"schema":{"@context":"https:\/\/schema.org","@graph":[{"@type":"WebPage","@id":"https:\/\/atelierlundileandre.com\/product\/les-amantes-2023\/","url":"https:\/\/atelierlundileandre.com\/product\/les-amantes-2023\/","name":"Les Amantes \u2013 Reproduction artistique A4 | Jessica Lundi-L\u00e9andre","isPartOf":{"@id":"https:\/\/atelierlundileandre.com\/#website"},"primaryImageOfPage":{"@id":"https:\/\/atelierlundileandre.com\/product\/les-amantes-2023\/#primaryimage"},"image":{"@id":"https:\/\/atelierlundileandre.com\/product\/les-amantes-2023\/#primaryimage"},"thumbnailUrl":"https:\/\/atelierlundileandre.com\/wp-content\/uploads\/2025\/04\/Les-amantes-2-scaled.webp","datePublished":"2025-04-15T08:58:47+00:00","dateModified":"2025-04-22T12:27:15+00:00","description":"Reproduction \"Les Amantes\" \u2013 Une sc\u00e8ne intime et myst\u00e9rieuse. Femme de dos, nudit\u00e9 assum\u00e9e, ambiance symboliste. Papier d\u2019art textur\u00e9, format A4, 20 euros.","breadcrumb":{"@id":"https:\/\/atelierlundileandre.com\/product\/les-amantes-2023\/#breadcrumb"},"inLanguage":"en-US","potentialAction":[{"@type":"ReadAction","target":["https:\/\/atelierlundileandre.com\/product\/les-amantes-2023\/"]}]},{"@type":"ImageObject","inLanguage":"en-US","@id":"https:\/\/atelierlundileandre.com\/product\/les-amantes-2023\/#primaryimage","url":"https:\/\/atelierlundileandre.com\/wp-content\/uploads\/2025\/04\/Les-amantes-2-scaled.webp","contentUrl":"https:\/\/atelierlundileandre.com\/wp-content\/uploads\/2025\/04\/Les-amantes-2-scaled.webp","width":1810,"height":2560,"caption":"frivolsoes"},{"@type":"BreadcrumbList","@id":"https:\/\/atelierlundileandre.com\/product\/les-amantes-2023\/#breadcrumb","itemListElement":[{"@type":"ListItem","position":1,"name":"Accueil","item":"https:\/\/atelierlundileandre.com\/"},{"@type":"ListItem","position":2,"name":"Shop","item":"https:\/\/atelierlundileandre.com\/shop\/"},{"@type":"ListItem","position":3,"name":"Les amantes, 2023"}]},{"@type":"WebSite","@id":"https:\/\/atelierlundileandre.com\/#website","url":"https:\/\/atelierlundileandre.com\/","name":"atelierlundileandre.com","description":"","publisher":{"@id":"https:\/\/atelierlundileandre.com\/#organization"},"potentialAction":[{"@type":"SearchAction","target":{"@type":"EntryPoint","urlTemplate":"https:\/\/atelierlundileandre.com\/?s={search_term_string}"},"query-input":{"@type":"PropertyValueSpecification","valueRequired":true,"valueName":"search_term_string"}}],"inLanguage":"en-US"},{"@type":"Organization","@id":"https:\/\/atelierlundileandre.com\/#organization","name":"Atelier Lundi-L\u00e9andre","url":"https:\/\/atelierlundileandre.com\/","logo":{"@type":"ImageObject","inLanguage":"en-US","@id":"https:\/\/atelierlundileandre.com\/#\/schema\/logo\/image\/","url":"https:\/\/atelierlundileandre.com\/wp-content\/uploads\/2025\/03\/logo_Atelier-Lundi-Leandre.png","contentUrl":"https:\/\/atelierlundileandre.com\/wp-content\/uploads\/2025\/03\/logo_Atelier-Lundi-Leandre.png","width":2225,"height":1918,"caption":"Atelier Lundi-L\u00e9andre"},"image":{"@id":"https:\/\/atelierlundileandre.com\/#\/schema\/logo\/image\/"},"sameAs":["https:\/\/www.linkedin.com\/in\/jessica-lundi-landre-70b9422a2?utm_source=share&utm_campaign=share_via&utm_content=profile&utm_medium=ios_app","https:\/\/www.instagram.com\/atelierlundileandre?igsh=aDFmZGN1bHI5bWd3","https:\/\/youtube.com\/@resiliombre?si=d2lRf4BChtUuB1o7","https:\/\/pin.it\/4q4orVDyE","https:\/\/www.tiktok.com\/@resiliombre?_t=ZN-8vUfWa2sbbS&_r=1"]}]}},"_links":{"self":[{"href":"https:\/\/atelierlundileandre.com\/en\/wp-json\/wp\/v2\/product\/645","targetHints":{"allow":["GET"]}}],"collection":[{"href":"https:\/\/atelierlundileandre.com\/en\/wp-json\/wp\/v2\/product"}],"about":[{"href":"https:\/\/atelierlundileandre.com\/en\/wp-json\/wp\/v2\/types\/product"}],"replies":[{"embeddable":true,"href":"https:\/\/atelierlundileandre.com\/en\/wp-json\/wp\/v2\/comments?post=645"}],"wp:featuredmedia":[{"embeddable":true,"href":"https:\/\/atelierlundileandre.com\/en\/wp-json\/wp\/v2\/media\/2000"}],"wp:attachment":[{"href":"https:\/\/atelierlundileandre.com\/en\/wp-json\/wp\/v2\/media?parent=645"}],"wp:term":[{"taxonomy":"product_brand","embeddable":true,"href":"https:\/\/atelierlundileandre.com\/en\/wp-json\/wp\/v2\/product_brand?post=645"},{"taxonomy":"product_cat","embeddable":true,"href":"https:\/\/atelierlundileandre.com\/en\/wp-json\/wp\/v2\/product_cat?post=645"},{"taxonomy":"product_tag","embeddable":true,"href":"https:\/\/atelierlundileandre.com\/en\/wp-json\/wp\/v2\/product_tag?post=645"}],"curies":[{"name":"wp","href":"https:\/\/api.w.org\/{rel}","templated":true}]}}