{"id":622,"date":"2025-04-14T21:04:32","date_gmt":"2025-04-14T21:04:32","guid":{"rendered":"https:\/\/atelierlundileandre.com\/?post_type=product&#038;p=622"},"modified":"2025-04-22T14:44:43","modified_gmt":"2025-04-22T14:44:43","slug":"lenlevement-2025","status":"publish","type":"product","link":"https:\/\/atelierlundileandre.com\/en\/product\/lenlevement-2025\/","title":{"rendered":"The abduction, 2025"},"content":{"rendered":"<p><span style=\"font-size: 17px;\">A4 reproduction printed<\/span><br \/>\n<span style=\"font-size: 17px;\">textured fine art paper<\/span><br \/>\n<span style=\"font-size: 17px;\">\u2013 \u20ac20 <\/span><br \/>\n<span style=\"font-size: 17px;\">A reinterpretation inspired by Apollo and Daphne, <\/span><span style=\"font-size: 17px;\">transformed into a laurel tree, by Nicolas-S\u00e9bastien Adam. <\/span><span style=\"font-size: 17px;\">S\u00e9bastien Adam.<\/span><\/p>\n<p><span style=\"font-size: 17px;\">Reminder: Apollo, consumed by love, pursues Daphne, who pleads with her father Peneus to save her. In her desperate flight, her body freezes, her bark hardens, and her arms turn into branches: she transforms into a laurel tree. Defeated yet fascinated, Apollo makes this tree an eternal symbol of glory and unfulfilled desire.<\/span><\/p>","protected":false},"excerpt":{"rendered":"<p><strong data-start=\"124\" data-end=\"162\">A4 Reproduction \u2013 Apollo &amp; Daphne<\/strong><br data-start=\"162\" data-end=\"165\" \/>Print on textured fine art paper \u2013 \u20ac20<br data-start=\"206\" data-end=\"209\" \/>A sensitive reinterpretation of the legend of Apollo and Daphne, inspired by the work of Nicolas-S\u00e9bastien Adam.<br data-start=\"320\" data-end=\"323\" \/>Daphne, frozen in her flight, becomes a laurel tree: an eternal symbol of glory and unrequited love.<\/p>","protected":false},"featured_media":450,"comment_status":"open","ping_status":"closed","template":"","meta":{"site-sidebar-layout":"default","site-content-layout":"","ast-site-content-layout":"default","site-content-style":"default","site-sidebar-style":"default","ast-global-header-display":"","ast-banner-title-visibility":"","ast-main-header-display":"","ast-hfb-above-header-display":"","ast-hfb-below-header-display":"","ast-hfb-mobile-header-display":"","site-post-title":"","ast-breadcrumbs-content":"","ast-featured-img":"","footer-sml-layout":"","ast-disable-related-posts":"","theme-transparent-header-meta":"default","adv-header-id-meta":"","stick-header-meta":"","header-above-stick-meta":"","header-main-stick-meta":"","header-below-stick-meta":"","astra-migrate-meta-layouts":"set","ast-page-background-enabled":"default","ast-page-background-meta":{"desktop":{"background-color":"var(--ast-global-color-4)","background-image":"","background-repeat":"repeat","background-position":"center center","background-size":"auto","background-attachment":"scroll","background-type":"","background-media":"","overlay-type":"","overlay-color":"","overlay-opacity":"","overlay-gradient":""},"tablet":{"background-color":"","background-image":"","background-repeat":"repeat","background-position":"center center","background-size":"auto","background-attachment":"scroll","background-type":"","background-media":"","overlay-type":"","overlay-color":"","overlay-opacity":"","overlay-gradient":""},"mobile":{"background-color":"","background-image":"","background-repeat":"repeat","background-position":"center center","background-size":"auto","background-attachment":"scroll","background-type":"","background-media":"","overlay-type":"","overlay-color":"","overlay-opacity":"","overlay-gradient":""}},"ast-content-background-meta":{"desktop":{"background-color":"var(--ast-global-color-5)","background-image":"","background-repeat":"repeat","background-position":"center center","background-size":"auto","background-attachment":"scroll","background-type":"","background-media":"","overlay-type":"","overlay-color":"","overlay-opacity":"","overlay-gradient":""},"tablet":{"background-color":"var(--ast-global-color-5)","background-image":"","background-repeat":"repeat","background-position":"center center","background-size":"auto","background-attachment":"scroll","background-type":"","background-media":"","overlay-type":"","overlay-color":"","overlay-opacity":"","overlay-gradient":""},"mobile":{"background-color":"var(--ast-global-color-5)","background-image":"","background-repeat":"repeat","background-position":"center center","background-size":"auto","background-attachment":"scroll","background-type":"","background-media":"","overlay-type":"","overlay-color":"","overlay-opacity":"","overlay-gradient":""}}},"product_brand":[],"product_cat":[31,33],"product_tag":[29,28,35,36,27,30],"class_list":{"0":"post-622","1":"product","2":"type-product","3":"status-publish","4":"has-post-thumbnail","6":"product_cat-oeuvres","7":"product_cat-reproductions","8":"product_tag-corps-humain","9":"product_tag-femme","10":"product_tag-inspiration-mythologique","11":"product_tag-mythologie","12":"product_tag-peinture-a-lhuile","13":"product_tag-realisme","14":"desktop-align-left","15":"tablet-align-left","16":"mobile-align-left","18":"first","19":"instock","20":"taxable","21":"shipping-taxable","22":"purchasable","23":"product-type-simple"},"yoast_head":"<!-- This site is optimized with the Yoast SEO plugin v27.1.1 - https:\/\/yoast.com\/product\/yoast-seo-wordpress\/ -->\n<title>L&#039;enl\u00e8vement \u2013 Reproduction artistique A4 | Jessica Lundi-L\u00e9andre<\/title>\n<meta name=\"description\" content=\"Reproduction A4 de l&#039;\u0153uvre Apollon &amp; Daphn\u00e9, imprim\u00e9e sur papier d&#039;art textur\u00e9. Une r\u00e9interpr\u00e9tation de la l\u00e9gende d&#039;Apollon et Daphn\u00e9. 20 euros.\" \/>\n<meta name=\"robots\" content=\"index, follow, max-snippet:-1, max-image-preview:large, max-video-preview:-1\" \/>\n<link rel=\"canonical\" href=\"https:\/\/atelierlundileandre.com\/en\/product\/lenlevement-2025\/\" \/>\n<meta property=\"og:locale\" content=\"en_US\" \/>\n<meta property=\"og:type\" content=\"article\" \/>\n<meta property=\"og:title\" content=\"L&#039;enl\u00e8vement \u2013 Reproduction artistique A4 | Jessica Lundi-L\u00e9andre\" \/>\n<meta property=\"og:description\" content=\"Reproduction A4 de l&#039;\u0153uvre Apollon &amp; Daphn\u00e9, imprim\u00e9e sur papier d&#039;art textur\u00e9. Une r\u00e9interpr\u00e9tation de la l\u00e9gende d&#039;Apollon et Daphn\u00e9. 20 euros.\" \/>\n<meta property=\"og:url\" content=\"https:\/\/atelierlundileandre.com\/en\/product\/lenlevement-2025\/\" \/>\n<meta property=\"og:site_name\" content=\"atelierlundileandre.com\" \/>\n<meta property=\"article:modified_time\" content=\"2025-04-22T14:44:43+00:00\" \/>\n<meta property=\"og:image\" content=\"http:\/\/atelierlundileandre.com\/wp-content\/uploads\/2025\/04\/IMG_2945-1-scaled.webp\" \/>\n\t<meta property=\"og:image:width\" content=\"2560\" \/>\n\t<meta property=\"og:image:height\" content=\"2119\" \/>\n\t<meta property=\"og:image:type\" content=\"image\/webp\" \/>\n<meta name=\"twitter:card\" content=\"summary_large_image\" \/>\n<meta name=\"twitter:label1\" content=\"Est. reading time\" \/>\n\t<meta name=\"twitter:data1\" content=\"1 minute\" \/>\n<script type=\"application\/ld+json\" class=\"yoast-schema-graph\">{\"@context\":\"https:\/\/schema.org\",\"@graph\":[{\"@type\":\"WebPage\",\"@id\":\"https:\/\/atelierlundileandre.com\/product\/lenlevement-2025\/\",\"url\":\"https:\/\/atelierlundileandre.com\/product\/lenlevement-2025\/\",\"name\":\"L'enl\u00e8vement \u2013 Reproduction artistique A4 | Jessica Lundi-L\u00e9andre\",\"isPartOf\":{\"@id\":\"https:\/\/atelierlundileandre.com\/#website\"},\"primaryImageOfPage\":{\"@id\":\"https:\/\/atelierlundileandre.com\/product\/lenlevement-2025\/#primaryimage\"},\"image\":{\"@id\":\"https:\/\/atelierlundileandre.com\/product\/lenlevement-2025\/#primaryimage\"},\"thumbnailUrl\":\"https:\/\/atelierlundileandre.com\/wp-content\/uploads\/2025\/04\/IMG_2945-1-scaled.webp\",\"datePublished\":\"2025-04-14T21:04:32+00:00\",\"dateModified\":\"2025-04-22T14:44:43+00:00\",\"description\":\"Reproduction A4 de l'\u0153uvre Apollon & Daphn\u00e9, imprim\u00e9e sur papier d'art textur\u00e9. Une r\u00e9interpr\u00e9tation de la l\u00e9gende d'Apollon et Daphn\u00e9. 20 euros.\",\"breadcrumb\":{\"@id\":\"https:\/\/atelierlundileandre.com\/product\/lenlevement-2025\/#breadcrumb\"},\"inLanguage\":\"en-US\",\"potentialAction\":[{\"@type\":\"ReadAction\",\"target\":[\"https:\/\/atelierlundileandre.com\/product\/lenlevement-2025\/\"]}]},{\"@type\":\"ImageObject\",\"inLanguage\":\"en-US\",\"@id\":\"https:\/\/atelierlundileandre.com\/product\/lenlevement-2025\/#primaryimage\",\"url\":\"https:\/\/atelierlundileandre.com\/wp-content\/uploads\/2025\/04\/IMG_2945-1-scaled.webp\",\"contentUrl\":\"https:\/\/atelierlundileandre.com\/wp-content\/uploads\/2025\/04\/IMG_2945-1-scaled.webp\",\"width\":2560,\"height\":2119},{\"@type\":\"BreadcrumbList\",\"@id\":\"https:\/\/atelierlundileandre.com\/product\/lenlevement-2025\/#breadcrumb\",\"itemListElement\":[{\"@type\":\"ListItem\",\"position\":1,\"name\":\"Accueil\",\"item\":\"https:\/\/atelierlundileandre.com\/\"},{\"@type\":\"ListItem\",\"position\":2,\"name\":\"Shop\",\"item\":\"https:\/\/atelierlundileandre.com\/shop\/\"},{\"@type\":\"ListItem\",\"position\":3,\"name\":\"L\u2019enl\u00e8vement, 2025\"}]},{\"@type\":\"WebSite\",\"@id\":\"https:\/\/atelierlundileandre.com\/#website\",\"url\":\"https:\/\/atelierlundileandre.com\/\",\"name\":\"atelierlundileandre.com\",\"description\":\"\",\"publisher\":{\"@id\":\"https:\/\/atelierlundileandre.com\/#organization\"},\"potentialAction\":[{\"@type\":\"SearchAction\",\"target\":{\"@type\":\"EntryPoint\",\"urlTemplate\":\"https:\/\/atelierlundileandre.com\/?s={search_term_string}\"},\"query-input\":{\"@type\":\"PropertyValueSpecification\",\"valueRequired\":true,\"valueName\":\"search_term_string\"}}],\"inLanguage\":\"en-US\"},{\"@type\":\"Organization\",\"@id\":\"https:\/\/atelierlundileandre.com\/#organization\",\"name\":\"Atelier Lundi-L\u00e9andre\",\"url\":\"https:\/\/atelierlundileandre.com\/\",\"logo\":{\"@type\":\"ImageObject\",\"inLanguage\":\"en-US\",\"@id\":\"https:\/\/atelierlundileandre.com\/#\/schema\/logo\/image\/\",\"url\":\"https:\/\/atelierlundileandre.com\/wp-content\/uploads\/2025\/03\/logo_Atelier-Lundi-Leandre.png\",\"contentUrl\":\"https:\/\/atelierlundileandre.com\/wp-content\/uploads\/2025\/03\/logo_Atelier-Lundi-Leandre.png\",\"width\":2225,\"height\":1918,\"caption\":\"Atelier Lundi-L\u00e9andre\"},\"image\":{\"@id\":\"https:\/\/atelierlundileandre.com\/#\/schema\/logo\/image\/\"},\"sameAs\":[\"https:\/\/www.linkedin.com\/in\/jessica-lundi-landre-70b9422a2?utm_source=share&utm_campaign=share_via&utm_content=profile&utm_medium=ios_app\",\"https:\/\/www.instagram.com\/atelierlundileandre?igsh=aDFmZGN1bHI5bWd3\",\"https:\/\/youtube.com\/@resiliombre?si=d2lRf4BChtUuB1o7\",\"https:\/\/pin.it\/4q4orVDyE\",\"https:\/\/www.tiktok.com\/@resiliombre?_t=ZN-8vUfWa2sbbS&_r=1\"]}]}<\/script>\n<!-- \/ Yoast SEO plugin. -->","yoast_head_json":{"title":"L'enl\u00e8vement \u2013 Reproduction artistique A4 | Jessica Lundi-L\u00e9andre","description":"Reproduction A4 de l'\u0153uvre Apollon & Daphn\u00e9, imprim\u00e9e sur papier d'art textur\u00e9. Une r\u00e9interpr\u00e9tation de la l\u00e9gende d'Apollon et Daphn\u00e9. 20 euros.","robots":{"index":"index","follow":"follow","max-snippet":"max-snippet:-1","max-image-preview":"max-image-preview:large","max-video-preview":"max-video-preview:-1"},"canonical":"https:\/\/atelierlundileandre.com\/en\/product\/lenlevement-2025\/","og_locale":"en_US","og_type":"article","og_title":"L'enl\u00e8vement \u2013 Reproduction artistique A4 | Jessica Lundi-L\u00e9andre","og_description":"Reproduction A4 de l'\u0153uvre Apollon & Daphn\u00e9, imprim\u00e9e sur papier d'art textur\u00e9. Une r\u00e9interpr\u00e9tation de la l\u00e9gende d'Apollon et Daphn\u00e9. 20 euros.","og_url":"https:\/\/atelierlundileandre.com\/en\/product\/lenlevement-2025\/","og_site_name":"atelierlundileandre.com","article_modified_time":"2025-04-22T14:44:43+00:00","og_image":[{"width":2560,"height":2119,"url":"http:\/\/atelierlundileandre.com\/wp-content\/uploads\/2025\/04\/IMG_2945-1-scaled.webp","type":"image\/webp"}],"twitter_card":"summary_large_image","twitter_misc":{"Est. reading time":"1 minute"},"schema":{"@context":"https:\/\/schema.org","@graph":[{"@type":"WebPage","@id":"https:\/\/atelierlundileandre.com\/product\/lenlevement-2025\/","url":"https:\/\/atelierlundileandre.com\/product\/lenlevement-2025\/","name":"L'enl\u00e8vement \u2013 Reproduction artistique A4 | Jessica Lundi-L\u00e9andre","isPartOf":{"@id":"https:\/\/atelierlundileandre.com\/#website"},"primaryImageOfPage":{"@id":"https:\/\/atelierlundileandre.com\/product\/lenlevement-2025\/#primaryimage"},"image":{"@id":"https:\/\/atelierlundileandre.com\/product\/lenlevement-2025\/#primaryimage"},"thumbnailUrl":"https:\/\/atelierlundileandre.com\/wp-content\/uploads\/2025\/04\/IMG_2945-1-scaled.webp","datePublished":"2025-04-14T21:04:32+00:00","dateModified":"2025-04-22T14:44:43+00:00","description":"Reproduction A4 de l'\u0153uvre Apollon & Daphn\u00e9, imprim\u00e9e sur papier d'art textur\u00e9. Une r\u00e9interpr\u00e9tation de la l\u00e9gende d'Apollon et Daphn\u00e9. 20 euros.","breadcrumb":{"@id":"https:\/\/atelierlundileandre.com\/product\/lenlevement-2025\/#breadcrumb"},"inLanguage":"en-US","potentialAction":[{"@type":"ReadAction","target":["https:\/\/atelierlundileandre.com\/product\/lenlevement-2025\/"]}]},{"@type":"ImageObject","inLanguage":"en-US","@id":"https:\/\/atelierlundileandre.com\/product\/lenlevement-2025\/#primaryimage","url":"https:\/\/atelierlundileandre.com\/wp-content\/uploads\/2025\/04\/IMG_2945-1-scaled.webp","contentUrl":"https:\/\/atelierlundileandre.com\/wp-content\/uploads\/2025\/04\/IMG_2945-1-scaled.webp","width":2560,"height":2119},{"@type":"BreadcrumbList","@id":"https:\/\/atelierlundileandre.com\/product\/lenlevement-2025\/#breadcrumb","itemListElement":[{"@type":"ListItem","position":1,"name":"Accueil","item":"https:\/\/atelierlundileandre.com\/"},{"@type":"ListItem","position":2,"name":"Shop","item":"https:\/\/atelierlundileandre.com\/shop\/"},{"@type":"ListItem","position":3,"name":"L\u2019enl\u00e8vement, 2025"}]},{"@type":"WebSite","@id":"https:\/\/atelierlundileandre.com\/#website","url":"https:\/\/atelierlundileandre.com\/","name":"atelierlundileandre.com","description":"","publisher":{"@id":"https:\/\/atelierlundileandre.com\/#organization"},"potentialAction":[{"@type":"SearchAction","target":{"@type":"EntryPoint","urlTemplate":"https:\/\/atelierlundileandre.com\/?s={search_term_string}"},"query-input":{"@type":"PropertyValueSpecification","valueRequired":true,"valueName":"search_term_string"}}],"inLanguage":"en-US"},{"@type":"Organization","@id":"https:\/\/atelierlundileandre.com\/#organization","name":"Atelier Lundi-L\u00e9andre","url":"https:\/\/atelierlundileandre.com\/","logo":{"@type":"ImageObject","inLanguage":"en-US","@id":"https:\/\/atelierlundileandre.com\/#\/schema\/logo\/image\/","url":"https:\/\/atelierlundileandre.com\/wp-content\/uploads\/2025\/03\/logo_Atelier-Lundi-Leandre.png","contentUrl":"https:\/\/atelierlundileandre.com\/wp-content\/uploads\/2025\/03\/logo_Atelier-Lundi-Leandre.png","width":2225,"height":1918,"caption":"Atelier Lundi-L\u00e9andre"},"image":{"@id":"https:\/\/atelierlundileandre.com\/#\/schema\/logo\/image\/"},"sameAs":["https:\/\/www.linkedin.com\/in\/jessica-lundi-landre-70b9422a2?utm_source=share&utm_campaign=share_via&utm_content=profile&utm_medium=ios_app","https:\/\/www.instagram.com\/atelierlundileandre?igsh=aDFmZGN1bHI5bWd3","https:\/\/youtube.com\/@resiliombre?si=d2lRf4BChtUuB1o7","https:\/\/pin.it\/4q4orVDyE","https:\/\/www.tiktok.com\/@resiliombre?_t=ZN-8vUfWa2sbbS&_r=1"]}]}},"_links":{"self":[{"href":"https:\/\/atelierlundileandre.com\/en\/wp-json\/wp\/v2\/product\/622","targetHints":{"allow":["GET"]}}],"collection":[{"href":"https:\/\/atelierlundileandre.com\/en\/wp-json\/wp\/v2\/product"}],"about":[{"href":"https:\/\/atelierlundileandre.com\/en\/wp-json\/wp\/v2\/types\/product"}],"replies":[{"embeddable":true,"href":"https:\/\/atelierlundileandre.com\/en\/wp-json\/wp\/v2\/comments?post=622"}],"wp:featuredmedia":[{"embeddable":true,"href":"https:\/\/atelierlundileandre.com\/en\/wp-json\/wp\/v2\/media\/450"}],"wp:attachment":[{"href":"https:\/\/atelierlundileandre.com\/en\/wp-json\/wp\/v2\/media?parent=622"}],"wp:term":[{"taxonomy":"product_brand","embeddable":true,"href":"https:\/\/atelierlundileandre.com\/en\/wp-json\/wp\/v2\/product_brand?post=622"},{"taxonomy":"product_cat","embeddable":true,"href":"https:\/\/atelierlundileandre.com\/en\/wp-json\/wp\/v2\/product_cat?post=622"},{"taxonomy":"product_tag","embeddable":true,"href":"https:\/\/atelierlundileandre.com\/en\/wp-json\/wp\/v2\/product_tag?post=622"}],"curies":[{"name":"wp","href":"https:\/\/api.w.org\/{rel}","templated":true}]}}