{"id":769,"date":"2025-04-16T11:53:43","date_gmt":"2025-04-16T11:53:43","guid":{"rendered":"https:\/\/atelierlundileandre.com\/?page_id=769"},"modified":"2025-09-21T19:22:44","modified_gmt":"2025-09-21T19:22:44","slug":"conditions-generales-dutilisation","status":"publish","type":"page","link":"https:\/\/atelierlundileandre.com\/en\/conditions-generales-dutilisation\/","title":{"rendered":"Conditions G\u00e9n\u00e9rales d&rsquo;Utilisation"},"content":{"rendered":"<div data-elementor-type=\"wp-page\" data-elementor-id=\"769\" class=\"elementor elementor-769\">\n\t\t\t\t<div class=\"elementor-element elementor-element-34ac5873 e-flex e-con-boxed wpr-particle-no wpr-jarallax-no wpr-parallax-no wpr-sticky-section-no e-con e-parent\" data-id=\"34ac5873\" data-element_type=\"container\" data-e-type=\"container\" data-settings=\"{&quot;background_background&quot;:&quot;classic&quot;}\">\n\t\t\t\t\t<div class=\"e-con-inner\">\n\t\t<div class=\"elementor-element elementor-element-1a74159d e-con-full e-flex wpr-particle-no wpr-jarallax-no wpr-parallax-no wpr-sticky-section-no e-con e-child\" data-id=\"1a74159d\" data-element_type=\"container\" data-e-type=\"container\">\n\t\t\t\t<div class=\"elementor-element elementor-element-5ea28044 elementor-widget-laptop__width-inherit elementor-widget elementor-widget-heading\" data-id=\"5ea28044\" data-element_type=\"widget\" data-e-type=\"widget\" data-widget_type=\"heading.default\">\n\t\t\t\t<div class=\"elementor-widget-container\">\n\t\t\t\t\t<h1 class=\"elementor-heading-title elementor-size-default\">GENERAL TERMS OF USE<\/h1>\t\t\t\t<\/div>\n\t\t\t\t<\/div>\n\t\t\t\t<\/div>\n\t\t\t\t\t<\/div>\n\t\t\t\t<\/div>\n\t\t<div class=\"elementor-element elementor-element-6f28d721 e-flex e-con-boxed wpr-particle-no wpr-jarallax-no wpr-parallax-no wpr-sticky-section-no e-con e-parent\" data-id=\"6f28d721\" data-element_type=\"container\" data-e-type=\"container\" data-settings=\"{&quot;background_background&quot;:&quot;classic&quot;}\">\n\t\t\t\t\t<div class=\"e-con-inner\">\n\t\t<div class=\"elementor-element elementor-element-12891f1c e-con-full e-flex wpr-particle-no wpr-jarallax-no wpr-parallax-no wpr-sticky-section-no e-con e-child\" data-id=\"12891f1c\" data-element_type=\"container\" data-e-type=\"container\">\n\t\t\t\t<\/div>\n\t\t<div class=\"elementor-element elementor-element-216493c0 e-con-full e-flex wpr-particle-no wpr-jarallax-no wpr-parallax-no wpr-sticky-section-no e-con e-child\" data-id=\"216493c0\" data-element_type=\"container\" data-e-type=\"container\">\n\t\t\t\t<div class=\"elementor-element elementor-element-49e98035 elementor-widget elementor-widget-text-editor\" data-id=\"49e98035\" data-element_type=\"widget\" data-e-type=\"widget\" data-widget_type=\"text-editor.default\">\n\t\t\t\t<div class=\"elementor-widget-container\">\n\t\t\t\t\t\t\t\t\t<p><span style=\"font-size: 18px;\"><b>Preamble<\/b><\/span><\/p><p><span style=\"font-weight: 400;\">Les pr\u00e9sentes Conditions G\u00e9n\u00e9rales d&rsquo;Utilisation (CGU) r\u00e9gissent l&rsquo;utilisation du site web<\/span><a href=\"http:\/\/atelierlundileandre.com\/en\/\"> <span style=\"font-weight: 400;\">http:\/\/atelierlundileandre.com<\/span><\/a><span style=\"font-weight: 400;\"> (ci-apr\u00e8s le \u00ab\u00a0Site\u00a0\u00bb), \u00e9dit\u00e9 par l&rsquo;Entreprise Individuelle Atelier Lundi-L\u00e9andre (ci-apr\u00e8s \u00ab\u00a0Atelier Lundi-L\u00e9andre\u00a0\u00bb). En acc\u00e9dant et en utilisant le Site, vous acceptez sans r\u00e9serve les pr\u00e9sentes CGU.<\/span><\/p><p><strong><span style=\"font-size: 15px;\">Purpose of the Site<\/span><\/strong><\/p><p><span style=\"font-weight: 400;\">The purpose of the Site is to present the activities of Atelier Lundi-L\u00e9andre, to offer artistic works for sale online, to provide information via a blog, and to allow users to contact Atelier Lundi-L\u00e9andre for any information requests.<\/span><\/p><p><b>Site Access<\/b><\/p><p><span style=\"font-weight: 400;\">The Site is accessible to any Internet user. Atelier Lundi-L\u00e9andre strives to maintain the Site accessible 24\/7, but may interrupt access for maintenance or technical reasons.<\/span><\/p><p><b>Services Offered<\/b><\/p><ul><li style=\"font-weight: 400;\" aria-level=\"1\"><b>Blog and Comments<\/b><span style=\"font-weight: 400;\"> : The Site offers a blog where users can leave comments. Comments must be respectful and not contravene applicable legislation. Atelier Lundi-L\u00e9andre reserves the right to moderate or delete any inappropriate comments.<\/span><\/li><li style=\"font-weight: 400;\" aria-level=\"1\"><b>Newsletter<\/b><span style=\"font-weight: 400;\"> : Users can subscribe to the newsletter to receive information and promotional offers. You can unsubscribe at any time by following the instructions in each email.<\/span><\/li><li style=\"font-weight: 400;\" aria-level=\"1\"><b>Contact Form<\/b><span style=\"font-weight: 400;\"> : The contact form allows users to ask questions or contact Atelier Lundi-L\u00e9andre.<\/span><\/li><li style=\"font-weight: 400;\" aria-level=\"1\"><b>Sale of Artistic Works<\/b><span style=\"font-weight: 400;\"> The Site offers artistic works for sale. The terms of sale are specified in the <\/span><b>General Terms and Conditions of Sale (T&amp;C),<\/b><span style=\"font-weight: 400;\">, which users are invited to consult before any purchase.<\/span><\/li><\/ul><p><b>User Obligations<\/b><\/p><p><span style=\"font-weight: 400;\">The user undertakes to :<\/span><\/p><ul><li style=\"font-weight: 400;\" aria-level=\"1\"><span style=\"font-weight: 400;\">Use the Site in accordance with these ToU and applicable legislation<\/span><\/li><li style=\"font-weight: 400;\" aria-level=\"1\"><span style=\"font-weight: 400;\">Provide accurate and complete information when subscribing to the newsletter or using the contact form<\/span><\/li><li style=\"font-weight: 400;\" aria-level=\"1\"><span style=\"font-weight: 400;\">Not publish illegal, defamatory, insulting content, or content that infringes on third-party rights<\/span><\/li><li style=\"font-weight: 400;\" aria-level=\"1\"><span style=\"font-weight: 400;\">Not attempt to disrupt the functioning of the Site<\/span><\/li><\/ul><p><b>Intellectual Property<\/b><\/p><p><span style=\"font-weight: 400;\">All Site content (texts, images, videos, etc.) is protected by copyright. Any unauthorized reproduction or use is strictly prohibited.<\/span><\/p><p><b>Liability<\/b><\/p><p><span style=\"font-weight: 400;\">Atelier Lundi-L\u00e9andre strives to provide accurate and up-to-date information, but does not guarantee the accuracy, completeness, or timeliness of information made available on the Site. Consequently, Atelier Lundi-L\u00e9andre cannot be held responsible for direct or indirect damages resulting from the use or inability to use the Site.<\/span><\/p><p><b>Personal Data<\/b><\/p><p><span style=\"font-weight: 400;\">Personal data collected on the Site is processed in accordance with the <\/span><b>privacy policy<\/b><span style=\"font-weight: 400;\"> available on the Site. Users are invited to consult it for more details on the collection and use of their data.<\/span><\/p><p><b>Cookies<\/b><\/p><p><span style=\"font-weight: 400;\">The Site uses cookies to improve the browsing experience. For more information on cookie use and ways to configure them, please consult the <\/span><b>cookie policy<\/b><span style=\"font-weight: 400;\"> accessible on the Site.<\/span><\/p><p><b>Hyperlinks<\/b><\/p><p><span style=\"font-weight: 400;\">The Site may contain links to third-party sites. Atelier Lundi-L\u00e9andre is not responsible for the content of these sites and disclaims any responsibility regarding their accessibility or content.<\/span><\/p><p><b>Modification of ToU<\/b><\/p><p><span style=\"font-weight: 400;\">Atelier Lundi-L\u00e9andre reserves the right to modify these ToU at any time. Users will be informed of modifications through a notification on the Site. It is advisable to regularly consult the ToU to stay informed of possible changes.<\/span><\/p><p><b>Applicable Law and Competent Jurisdiction<\/b><\/p><p><span style=\"font-weight: 400;\">These ToU are subject to French law. Any dispute relating to the interpretation or execution of these ToU shall be under the exclusive jurisdiction of the <\/span><b>Paris, by appointment.<\/b><span style=\"font-weight: 400;\">.<\/span><\/p>\t\t\t\t\t\t\t\t<\/div>\n\t\t\t\t<\/div>\n\t\t\t\t<\/div>\n\t\t<div class=\"elementor-element elementor-element-1f462549 e-con-full e-flex wpr-particle-no wpr-jarallax-no wpr-parallax-no wpr-sticky-section-no e-con e-child\" data-id=\"1f462549\" data-element_type=\"container\" data-e-type=\"container\">\n\t\t\t\t<\/div>\n\t\t\t\t\t<\/div>\n\t\t\t\t<\/div>\n\t\t\t\t<\/div>","protected":false},"excerpt":{"rendered":"<p>Conditions G\u00e9n\u00e9rales d&rsquo;Utilisation 1. Pr\u00e9ambule Les pr\u00e9sentes Conditions G\u00e9n\u00e9rales d&rsquo;Utilisation (CGU) r\u00e9gissent l&rsquo;utilisation du site web http:\/\/atelierlundileandre.com (ci-apr\u00e8s le \u00ab\u00a0Site\u00a0\u00bb), \u00e9dit\u00e9 par l&rsquo;Entreprise Individuelle Atelier Lundi-L\u00e9andre (ci-apr\u00e8s \u00ab\u00a0Atelier Lundi-L\u00e9andre\u00a0\u00bb). En acc\u00e9dant et en utilisant le Site, vous acceptez sans r\u00e9serve les pr\u00e9sentes CGU. 2. Objet du Site Le Site a pour objet de pr\u00e9senter les activit\u00e9s d&rsquo;Atelier Lundi-L\u00e9andre, de proposer des \u0153uvres artistiques \u00e0 la vente en ligne, de fournir des informations via un blog, et de permettre aux utilisateurs de contacter Atelier Lundi-L\u00e9andre pour toute demande de renseignements. 3. Acc\u00e8s au Site Le Site est accessible \u00e0 tout utilisateur d&rsquo;Internet. Atelier Lundi-L\u00e9andre s&rsquo;efforce de maintenir le Site accessible 24h\/24 et 7j\/7, mais peut interrompre l&rsquo;acc\u00e8s pour des raisons de maintenance ou techniques. 4. Services propos\u00e9s Blog et commentaires : Le Site propose un blog o\u00f9 les utilisateurs peuvent laisser des commentaires. Les commentaires doivent \u00eatre respectueux et ne pas contrevenir \u00e0 la l\u00e9gislation en vigueur. Atelier Lundi-L\u00e9andre se r\u00e9serve le droit de mod\u00e9rer ou supprimer tout commentaire inappropri\u00e9. Newsletter : Les utilisateurs peuvent s&rsquo;inscrire \u00e0 la newsletter pour recevoir des informations et offres promotionnelles. Vous pouvez vous d\u00e9sabonner \u00e0 tout moment en suivant les instructions pr\u00e9sentes dans chaque e-mail. Formulaire de contact : Le formulaire de contact permet aux utilisateurs de poser des questions ou de contacter Atelier Lundi-L\u00e9andre. Vente d&rsquo;\u0153uvres artistiques : Le Site propose \u00e0 la vente des \u0153uvres artistiques. Les conditions de vente sont pr\u00e9cis\u00e9es dans les Conditions G\u00e9n\u00e9rales de Vente (CGV), que les utilisateurs sont invit\u00e9s \u00e0 consulter avant tout achat. 5. Obligations de l&rsquo;utilisateur L&rsquo;utilisateur s&rsquo;engage \u00e0 : Utiliser le Site conform\u00e9ment aux pr\u00e9sentes CGU et \u00e0 la l\u00e9gislation en vigueur. Fournir des informations exactes et compl\u00e8tes lors de l&rsquo;inscription \u00e0 la newsletter ou de l&rsquo;utilisation du formulaire de contact. Ne pas publier de contenus illicites, diffamatoires, injurieux, ou portant atteinte aux droits de tiers. Ne pas tenter de perturber le fonctionnement du Site. 6. Propri\u00e9t\u00e9 intellectuelle Tous les contenus du Site (textes, images, vid\u00e9os, etc.) sont prot\u00e9g\u00e9s par le droit d&rsquo;auteur. Toute reproduction ou utilisation non autoris\u00e9e est strictement interdite. 7. Responsabilit\u00e9 Atelier Lundi-L\u00e9andre s&rsquo;efforce de fournir des informations exactes et \u00e0 jour, mais ne garantit pas l&rsquo;exactitude, l&rsquo;int\u00e9gralit\u00e9 ou l\u2019actualit\u00e9 des informations mises \u00e0 disposition sur le Site. En cons\u00e9quence, Atelier Lundi-L\u00e9andre ne saurait \u00eatre tenu responsable des dommages directs ou indirects r\u00e9sultant de l&rsquo;utilisation ou de l&rsquo;impossibilit\u00e9 d&rsquo;utiliser le Site. 8. Donn\u00e9es personnelles Les donn\u00e9es personnelles collect\u00e9es sur le Site sont trait\u00e9es conform\u00e9ment \u00e0 la politique de confidentialit\u00e9 disponible sur le Site. Les utilisateurs sont invit\u00e9s \u00e0 la consulter pour plus de d\u00e9tails sur la collecte et l&rsquo;utilisation de leurs donn\u00e9es. 9. Cookies Le Site utilise des cookies afin d\u2019am\u00e9liorer l\u2019exp\u00e9rience de navigation. Pour plus d\u2019informations sur l\u2019utilisation des cookies et les moyens de les param\u00e9trer, veuillez consulter la politique de cookies accessible sur le Site. 10. Liens hypertextes Le Site peut contenir des liens vers des sites tiers. Atelier Lundi-L\u00e9andre n\u2019est pas responsable du contenu de ces sites et d\u00e9cline toute responsabilit\u00e9 quant \u00e0 leur accessibilit\u00e9 ou \u00e0 leur contenu. 11. Modification des CGU Atelier Lundi-L\u00e9andre se r\u00e9serve le droit de modifier les pr\u00e9sentes CGU \u00e0 tout moment. Les utilisateurs seront inform\u00e9s des modifications par une notification sur le Site. Il est conseill\u00e9 de consulter r\u00e9guli\u00e8rement les CGU pour rester inform\u00e9 des \u00e9ventuelles \u00e9volutions. 12. Droit applicable et juridiction comp\u00e9tente Les pr\u00e9sentes CGU sont soumises au droit fran\u00e7ais. Tout litige relatif \u00e0 l&rsquo;interpr\u00e9tation ou \u00e0 l&rsquo;ex\u00e9cution des pr\u00e9sentes CGU sera de la comp\u00e9tence exclusive des tribunaux de Paris.<\/p>","protected":false},"author":2,"featured_media":0,"parent":0,"menu_order":0,"comment_status":"closed","ping_status":"closed","template":"elementor_header_footer","meta":{"site-sidebar-layout":"no-sidebar","site-content-layout":"","ast-site-content-layout":"full-width-container","site-content-style":"default","site-sidebar-style":"default","ast-global-header-display":"","ast-banner-title-visibility":"","ast-main-header-display":"","ast-hfb-above-header-display":"","ast-hfb-below-header-display":"","ast-hfb-mobile-header-display":"","site-post-title":"disabled","ast-breadcrumbs-content":"","ast-featured-img":"disabled","footer-sml-layout":"","ast-disable-related-posts":"","theme-transparent-header-meta":"","adv-header-id-meta":"","stick-header-meta":"","header-above-stick-meta":"","header-main-stick-meta":"","header-below-stick-meta":"","astra-migrate-meta-layouts":"default","ast-page-background-enabled":"default","ast-page-background-meta":{"desktop":{"background-color":"var(--ast-global-color-4)","background-image":"","background-repeat":"repeat","background-position":"center center","background-size":"auto","background-attachment":"scroll","background-type":"","background-media":"","overlay-type":"","overlay-color":"","overlay-opacity":"","overlay-gradient":""},"tablet":{"background-color":"","background-image":"","background-repeat":"repeat","background-position":"center center","background-size":"auto","background-attachment":"scroll","background-type":"","background-media":"","overlay-type":"","overlay-color":"","overlay-opacity":"","overlay-gradient":""},"mobile":{"background-color":"","background-image":"","background-repeat":"repeat","background-position":"center center","background-size":"auto","background-attachment":"scroll","background-type":"","background-media":"","overlay-type":"","overlay-color":"","overlay-opacity":"","overlay-gradient":""}},"ast-content-background-meta":{"desktop":{"background-color":"var(--ast-global-color-5)","background-image":"","background-repeat":"repeat","background-position":"center center","background-size":"auto","background-attachment":"scroll","background-type":"","background-media":"","overlay-type":"","overlay-color":"","overlay-opacity":"","overlay-gradient":""},"tablet":{"background-color":"var(--ast-global-color-5)","background-image":"","background-repeat":"repeat","background-position":"center center","background-size":"auto","background-attachment":"scroll","background-type":"","background-media":"","overlay-type":"","overlay-color":"","overlay-opacity":"","overlay-gradient":""},"mobile":{"background-color":"var(--ast-global-color-5)","background-image":"","background-repeat":"repeat","background-position":"center center","background-size":"auto","background-attachment":"scroll","background-type":"","background-media":"","overlay-type":"","overlay-color":"","overlay-opacity":"","overlay-gradient":""}},"footnotes":""},"class_list":["post-769","page","type-page","status-publish","hentry"],"yoast_head":"<!-- This site is optimized with the Yoast SEO plugin v27.1.1 - https:\/\/yoast.com\/product\/yoast-seo-wordpress\/ -->\n<title>Conditions d\u2019utilisation du site | Atelier Lundi-L\u00e9andre<\/title>\n<meta name=\"description\" content=\"Les conditions g\u00e9n\u00e9rales d\u2019utilisation du site Atelier Lundi-L\u00e9andre d\u00e9finissent les r\u00e8gles d\u2019usage des utilisateurs du site.\" \/>\n<meta name=\"robots\" content=\"index, follow, max-snippet:-1, max-image-preview:large, max-video-preview:-1\" \/>\n<link rel=\"canonical\" href=\"https:\/\/atelierlundileandre.com\/en\/conditions-generales-dutilisation\/\" \/>\n<meta property=\"og:locale\" content=\"en_US\" \/>\n<meta property=\"og:type\" content=\"article\" \/>\n<meta property=\"og:title\" content=\"Conditions d\u2019utilisation du site | Atelier Lundi-L\u00e9andre\" \/>\n<meta property=\"og:description\" content=\"Les conditions g\u00e9n\u00e9rales d\u2019utilisation du site Atelier Lundi-L\u00e9andre d\u00e9finissent les r\u00e8gles d\u2019usage des utilisateurs du site.\" \/>\n<meta property=\"og:url\" content=\"https:\/\/atelierlundileandre.com\/en\/conditions-generales-dutilisation\/\" \/>\n<meta property=\"og:site_name\" content=\"atelierlundileandre.com\" \/>\n<meta property=\"article:modified_time\" content=\"2025-09-21T19:22:44+00:00\" \/>\n<meta name=\"twitter:card\" content=\"summary_large_image\" \/>\n<meta name=\"twitter:label1\" content=\"Est. reading time\" \/>\n\t<meta name=\"twitter:data1\" content=\"3 minutes\" \/>\n<script type=\"application\/ld+json\" class=\"yoast-schema-graph\">{\"@context\":\"https:\/\/schema.org\",\"@graph\":[{\"@type\":\"WebPage\",\"@id\":\"https:\/\/atelierlundileandre.com\/conditions-generales-dutilisation\/\",\"url\":\"https:\/\/atelierlundileandre.com\/conditions-generales-dutilisation\/\",\"name\":\"Conditions d\u2019utilisation du site | Atelier Lundi-L\u00e9andre\",\"isPartOf\":{\"@id\":\"https:\/\/atelierlundileandre.com\/#website\"},\"datePublished\":\"2025-04-16T11:53:43+00:00\",\"dateModified\":\"2025-09-21T19:22:44+00:00\",\"description\":\"Les conditions g\u00e9n\u00e9rales d\u2019utilisation du site Atelier Lundi-L\u00e9andre d\u00e9finissent les r\u00e8gles d\u2019usage des utilisateurs du site.\",\"breadcrumb\":{\"@id\":\"https:\/\/atelierlundileandre.com\/conditions-generales-dutilisation\/#breadcrumb\"},\"inLanguage\":\"en-US\",\"potentialAction\":[{\"@type\":\"ReadAction\",\"target\":[\"https:\/\/atelierlundileandre.com\/conditions-generales-dutilisation\/\"]}]},{\"@type\":\"BreadcrumbList\",\"@id\":\"https:\/\/atelierlundileandre.com\/conditions-generales-dutilisation\/#breadcrumb\",\"itemListElement\":[{\"@type\":\"ListItem\",\"position\":1,\"name\":\"Accueil\",\"item\":\"https:\/\/atelierlundileandre.com\/\"},{\"@type\":\"ListItem\",\"position\":2,\"name\":\"Conditions G\u00e9n\u00e9rales d&rsquo;Utilisation\"}]},{\"@type\":\"WebSite\",\"@id\":\"https:\/\/atelierlundileandre.com\/#website\",\"url\":\"https:\/\/atelierlundileandre.com\/\",\"name\":\"atelierlundileandre.com\",\"description\":\"\",\"publisher\":{\"@id\":\"https:\/\/atelierlundileandre.com\/#organization\"},\"potentialAction\":[{\"@type\":\"SearchAction\",\"target\":{\"@type\":\"EntryPoint\",\"urlTemplate\":\"https:\/\/atelierlundileandre.com\/?s={search_term_string}\"},\"query-input\":{\"@type\":\"PropertyValueSpecification\",\"valueRequired\":true,\"valueName\":\"search_term_string\"}}],\"inLanguage\":\"en-US\"},{\"@type\":\"Organization\",\"@id\":\"https:\/\/atelierlundileandre.com\/#organization\",\"name\":\"Atelier Lundi-L\u00e9andre\",\"url\":\"https:\/\/atelierlundileandre.com\/\",\"logo\":{\"@type\":\"ImageObject\",\"inLanguage\":\"en-US\",\"@id\":\"https:\/\/atelierlundileandre.com\/#\/schema\/logo\/image\/\",\"url\":\"https:\/\/atelierlundileandre.com\/wp-content\/uploads\/2025\/03\/logo_Atelier-Lundi-Leandre.png\",\"contentUrl\":\"https:\/\/atelierlundileandre.com\/wp-content\/uploads\/2025\/03\/logo_Atelier-Lundi-Leandre.png\",\"width\":2225,\"height\":1918,\"caption\":\"Atelier Lundi-L\u00e9andre\"},\"image\":{\"@id\":\"https:\/\/atelierlundileandre.com\/#\/schema\/logo\/image\/\"},\"sameAs\":[\"https:\/\/www.linkedin.com\/in\/jessica-lundi-landre-70b9422a2?utm_source=share&utm_campaign=share_via&utm_content=profile&utm_medium=ios_app\",\"https:\/\/www.instagram.com\/atelierlundileandre?igsh=aDFmZGN1bHI5bWd3\",\"https:\/\/youtube.com\/@resiliombre?si=d2lRf4BChtUuB1o7\",\"https:\/\/pin.it\/4q4orVDyE\",\"https:\/\/www.tiktok.com\/@resiliombre?_t=ZN-8vUfWa2sbbS&_r=1\"]}]}<\/script>\n<!-- \/ Yoast SEO plugin. -->","yoast_head_json":{"title":"Conditions d\u2019utilisation du site | Atelier Lundi-L\u00e9andre","description":"Les conditions g\u00e9n\u00e9rales d\u2019utilisation du site Atelier Lundi-L\u00e9andre d\u00e9finissent les r\u00e8gles d\u2019usage des utilisateurs du site.","robots":{"index":"index","follow":"follow","max-snippet":"max-snippet:-1","max-image-preview":"max-image-preview:large","max-video-preview":"max-video-preview:-1"},"canonical":"https:\/\/atelierlundileandre.com\/en\/conditions-generales-dutilisation\/","og_locale":"en_US","og_type":"article","og_title":"Conditions d\u2019utilisation du site | Atelier Lundi-L\u00e9andre","og_description":"Les conditions g\u00e9n\u00e9rales d\u2019utilisation du site Atelier Lundi-L\u00e9andre d\u00e9finissent les r\u00e8gles d\u2019usage des utilisateurs du site.","og_url":"https:\/\/atelierlundileandre.com\/en\/conditions-generales-dutilisation\/","og_site_name":"atelierlundileandre.com","article_modified_time":"2025-09-21T19:22:44+00:00","twitter_card":"summary_large_image","twitter_misc":{"Est. reading time":"3 minutes"},"schema":{"@context":"https:\/\/schema.org","@graph":[{"@type":"WebPage","@id":"https:\/\/atelierlundileandre.com\/conditions-generales-dutilisation\/","url":"https:\/\/atelierlundileandre.com\/conditions-generales-dutilisation\/","name":"Conditions d\u2019utilisation du site | Atelier Lundi-L\u00e9andre","isPartOf":{"@id":"https:\/\/atelierlundileandre.com\/#website"},"datePublished":"2025-04-16T11:53:43+00:00","dateModified":"2025-09-21T19:22:44+00:00","description":"Les conditions g\u00e9n\u00e9rales d\u2019utilisation du site Atelier Lundi-L\u00e9andre d\u00e9finissent les r\u00e8gles d\u2019usage des utilisateurs du site.","breadcrumb":{"@id":"https:\/\/atelierlundileandre.com\/conditions-generales-dutilisation\/#breadcrumb"},"inLanguage":"en-US","potentialAction":[{"@type":"ReadAction","target":["https:\/\/atelierlundileandre.com\/conditions-generales-dutilisation\/"]}]},{"@type":"BreadcrumbList","@id":"https:\/\/atelierlundileandre.com\/conditions-generales-dutilisation\/#breadcrumb","itemListElement":[{"@type":"ListItem","position":1,"name":"Accueil","item":"https:\/\/atelierlundileandre.com\/"},{"@type":"ListItem","position":2,"name":"Conditions G\u00e9n\u00e9rales d&rsquo;Utilisation"}]},{"@type":"WebSite","@id":"https:\/\/atelierlundileandre.com\/#website","url":"https:\/\/atelierlundileandre.com\/","name":"atelierlundileandre.com","description":"","publisher":{"@id":"https:\/\/atelierlundileandre.com\/#organization"},"potentialAction":[{"@type":"SearchAction","target":{"@type":"EntryPoint","urlTemplate":"https:\/\/atelierlundileandre.com\/?s={search_term_string}"},"query-input":{"@type":"PropertyValueSpecification","valueRequired":true,"valueName":"search_term_string"}}],"inLanguage":"en-US"},{"@type":"Organization","@id":"https:\/\/atelierlundileandre.com\/#organization","name":"Atelier Lundi-L\u00e9andre","url":"https:\/\/atelierlundileandre.com\/","logo":{"@type":"ImageObject","inLanguage":"en-US","@id":"https:\/\/atelierlundileandre.com\/#\/schema\/logo\/image\/","url":"https:\/\/atelierlundileandre.com\/wp-content\/uploads\/2025\/03\/logo_Atelier-Lundi-Leandre.png","contentUrl":"https:\/\/atelierlundileandre.com\/wp-content\/uploads\/2025\/03\/logo_Atelier-Lundi-Leandre.png","width":2225,"height":1918,"caption":"Atelier Lundi-L\u00e9andre"},"image":{"@id":"https:\/\/atelierlundileandre.com\/#\/schema\/logo\/image\/"},"sameAs":["https:\/\/www.linkedin.com\/in\/jessica-lundi-landre-70b9422a2?utm_source=share&utm_campaign=share_via&utm_content=profile&utm_medium=ios_app","https:\/\/www.instagram.com\/atelierlundileandre?igsh=aDFmZGN1bHI5bWd3","https:\/\/youtube.com\/@resiliombre?si=d2lRf4BChtUuB1o7","https:\/\/pin.it\/4q4orVDyE","https:\/\/www.tiktok.com\/@resiliombre?_t=ZN-8vUfWa2sbbS&_r=1"]}]}},"_links":{"self":[{"href":"https:\/\/atelierlundileandre.com\/en\/wp-json\/wp\/v2\/pages\/769","targetHints":{"allow":["GET"]}}],"collection":[{"href":"https:\/\/atelierlundileandre.com\/en\/wp-json\/wp\/v2\/pages"}],"about":[{"href":"https:\/\/atelierlundileandre.com\/en\/wp-json\/wp\/v2\/types\/page"}],"author":[{"embeddable":true,"href":"https:\/\/atelierlundileandre.com\/en\/wp-json\/wp\/v2\/users\/2"}],"replies":[{"embeddable":true,"href":"https:\/\/atelierlundileandre.com\/en\/wp-json\/wp\/v2\/comments?post=769"}],"version-history":[{"count":16,"href":"https:\/\/atelierlundileandre.com\/en\/wp-json\/wp\/v2\/pages\/769\/revisions"}],"predecessor-version":[{"id":5351,"href":"https:\/\/atelierlundileandre.com\/en\/wp-json\/wp\/v2\/pages\/769\/revisions\/5351"}],"wp:attachment":[{"href":"https:\/\/atelierlundileandre.com\/en\/wp-json\/wp\/v2\/media?parent=769"}],"curies":[{"name":"wp","href":"https:\/\/api.w.org\/{rel}","templated":true}]}}