{"id":703,"date":"2025-04-15T20:02:34","date_gmt":"2025-04-15T20:02:34","guid":{"rendered":"https:\/\/atelierlundileandre.com\/?page_id=703"},"modified":"2025-09-15T12:06:03","modified_gmt":"2025-09-15T12:06:03","slug":"mentions","status":"publish","type":"page","link":"https:\/\/atelierlundileandre.com\/en\/mentions\/","title":{"rendered":"Les Mentions"},"content":{"rendered":"<div data-elementor-type=\"wp-page\" data-elementor-id=\"703\" class=\"elementor elementor-703\">\n\t\t\t\t<div class=\"elementor-element elementor-element-356442a5 e-con-full e-flex wpr-particle-no wpr-jarallax-no wpr-parallax-no wpr-sticky-section-no e-con e-parent\" data-id=\"356442a5\" data-element_type=\"container\" data-e-type=\"container\" data-settings=\"{&quot;background_background&quot;:&quot;classic&quot;}\">\n\t\t\t\t<div class=\"elementor-element elementor-element-18eff9cc elementor-widget elementor-widget-button\" data-id=\"18eff9cc\" data-element_type=\"widget\" data-e-type=\"widget\" data-widget_type=\"button.default\">\n\t\t\t\t<div class=\"elementor-widget-container\">\n\t\t\t\t\t\t\t\t\t<div class=\"elementor-button-wrapper\">\n\t\t\t\t\t<a class=\"elementor-button elementor-button-link elementor-size-sm elementor-animation-shrink\" href=\"https:\/\/atelierlundileandre.com\/en\/mentions-legales\/\" target=\"_blank\">\n\t\t\t\t\t\t<span class=\"elementor-button-content-wrapper\">\n\t\t\t\t\t\t\t\t\t<span class=\"elementor-button-text\">Legal Mentions<\/span>\n\t\t\t\t\t<\/span>\n\t\t\t\t\t<\/a>\n\t\t\t\t<\/div>\n\t\t\t\t\t\t\t\t<\/div>\n\t\t\t\t<\/div>\n\t\t\t\t<div class=\"elementor-element elementor-element-b318eaf elementor-widget elementor-widget-button\" data-id=\"b318eaf\" data-element_type=\"widget\" data-e-type=\"widget\" data-widget_type=\"button.default\">\n\t\t\t\t<div class=\"elementor-widget-container\">\n\t\t\t\t\t\t\t\t\t<div class=\"elementor-button-wrapper\">\n\t\t\t\t\t<a class=\"elementor-button elementor-button-link elementor-size-sm elementor-animation-shrink\" href=\"https:\/\/atelierlundileandre.com\/en\/politique-de-confidentialite\/\" target=\"_blank\">\n\t\t\t\t\t\t<span class=\"elementor-button-content-wrapper\">\n\t\t\t\t\t\t\t\t\t<span class=\"elementor-button-text\">Privacy Policy<\/span>\n\t\t\t\t\t<\/span>\n\t\t\t\t\t<\/a>\n\t\t\t\t<\/div>\n\t\t\t\t\t\t\t\t<\/div>\n\t\t\t\t<\/div>\n\t\t<div class=\"elementor-element elementor-element-6ac1e18 e-grid e-con-boxed wpr-particle-no wpr-jarallax-no wpr-parallax-no wpr-sticky-section-no e-con e-child\" data-id=\"6ac1e18\" data-element_type=\"container\" data-e-type=\"container\">\n\t\t\t\t\t<div class=\"e-con-inner\">\n\t\t\t\t<div class=\"elementor-element elementor-element-4b2dac8c elementor-align-right elementor-mobile-align-center elementor-widget elementor-widget-button\" data-id=\"4b2dac8c\" data-element_type=\"widget\" data-e-type=\"widget\" data-widget_type=\"button.default\">\n\t\t\t\t<div class=\"elementor-widget-container\">\n\t\t\t\t\t\t\t\t\t<div class=\"elementor-button-wrapper\">\n\t\t\t\t\t<a class=\"elementor-button elementor-button-link elementor-size-sm elementor-animation-shrink\" href=\"https:\/\/atelierlundileandre.com\/en\/cgv\/\" target=\"_blank\">\n\t\t\t\t\t\t<span class=\"elementor-button-content-wrapper\">\n\t\t\t\t\t\t\t\t\t<span class=\"elementor-button-text\">T&amp;C<\/span>\n\t\t\t\t\t<\/span>\n\t\t\t\t\t<\/a>\n\t\t\t\t<\/div>\n\t\t\t\t\t\t\t\t<\/div>\n\t\t\t\t<\/div>\n\t\t\t\t<div class=\"elementor-element elementor-element-66997a59 elementor-mobile-align-center elementor-widget elementor-widget-button\" data-id=\"66997a59\" data-element_type=\"widget\" data-e-type=\"widget\" data-widget_type=\"button.default\">\n\t\t\t\t<div class=\"elementor-widget-container\">\n\t\t\t\t\t\t\t\t\t<div class=\"elementor-button-wrapper\">\n\t\t\t\t\t<a class=\"elementor-button elementor-button-link elementor-size-sm elementor-animation-shrink\" href=\"https:\/\/atelierlundileandre.com\/en\/conditions-generales-dutilisation\/\" target=\"_blank\">\n\t\t\t\t\t\t<span class=\"elementor-button-content-wrapper\">\n\t\t\t\t\t\t\t\t\t<span class=\"elementor-button-text\">ToU<\/span>\n\t\t\t\t\t<\/span>\n\t\t\t\t\t<\/a>\n\t\t\t\t<\/div>\n\t\t\t\t\t\t\t\t<\/div>\n\t\t\t\t<\/div>\n\t\t\t\t\t<\/div>\n\t\t\t\t<\/div>\n\t\t\t\t<\/div>\n\t\t\t\t<\/div>","protected":false},"excerpt":{"rendered":"<p>Mentions l\u00e9gales Politique de confidentialit\u00e9 CGV CGU<\/p>","protected":false},"author":2,"featured_media":0,"parent":0,"menu_order":0,"comment_status":"closed","ping_status":"closed","template":"elementor_header_footer","meta":{"site-sidebar-layout":"no-sidebar","site-content-layout":"","ast-site-content-layout":"full-width-container","site-content-style":"default","site-sidebar-style":"default","ast-global-header-display":"","ast-banner-title-visibility":"","ast-main-header-display":"","ast-hfb-above-header-display":"","ast-hfb-below-header-display":"","ast-hfb-mobile-header-display":"","site-post-title":"disabled","ast-breadcrumbs-content":"","ast-featured-img":"disabled","footer-sml-layout":"","ast-disable-related-posts":"","theme-transparent-header-meta":"","adv-header-id-meta":"","stick-header-meta":"","header-above-stick-meta":"","header-main-stick-meta":"","header-below-stick-meta":"","astra-migrate-meta-layouts":"default","ast-page-background-enabled":"default","ast-page-background-meta":{"desktop":{"background-color":"var(--ast-global-color-4)","background-image":"","background-repeat":"repeat","background-position":"center center","background-size":"auto","background-attachment":"scroll","background-type":"","background-media":"","overlay-type":"","overlay-color":"","overlay-opacity":"","overlay-gradient":""},"tablet":{"background-color":"","background-image":"","background-repeat":"repeat","background-position":"center center","background-size":"auto","background-attachment":"scroll","background-type":"","background-media":"","overlay-type":"","overlay-color":"","overlay-opacity":"","overlay-gradient":""},"mobile":{"background-color":"","background-image":"","background-repeat":"repeat","background-position":"center center","background-size":"auto","background-attachment":"scroll","background-type":"","background-media":"","overlay-type":"","overlay-color":"","overlay-opacity":"","overlay-gradient":""}},"ast-content-background-meta":{"desktop":{"background-color":"var(--ast-global-color-5)","background-image":"","background-repeat":"repeat","background-position":"center center","background-size":"auto","background-attachment":"scroll","background-type":"","background-media":"","overlay-type":"","overlay-color":"","overlay-opacity":"","overlay-gradient":""},"tablet":{"background-color":"var(--ast-global-color-5)","background-image":"","background-repeat":"repeat","background-position":"center center","background-size":"auto","background-attachment":"scroll","background-type":"","background-media":"","overlay-type":"","overlay-color":"","overlay-opacity":"","overlay-gradient":""},"mobile":{"background-color":"var(--ast-global-color-5)","background-image":"","background-repeat":"repeat","background-position":"center center","background-size":"auto","background-attachment":"scroll","background-type":"","background-media":"","overlay-type":"","overlay-color":"","overlay-opacity":"","overlay-gradient":""}},"footnotes":""},"class_list":["post-703","page","type-page","status-publish","hentry"],"yoast_head":"<!-- This site is optimized with the Yoast SEO plugin v27.1.1 - https:\/\/yoast.com\/product\/yoast-seo-wordpress\/ -->\n<title>Les mentions l\u00e9gales | Atelier Lundi-L\u00e9andre<\/title>\n<meta name=\"description\" content=\"Mentions l\u00e9gales, conditions g\u00e9n\u00e9rales de vente et d\u2019utilisation, et politique de confidentialit\u00e9 pour un site d\u2019art en toute transparence.\" \/>\n<meta name=\"robots\" content=\"index, follow, max-snippet:-1, max-image-preview:large, max-video-preview:-1\" \/>\n<link rel=\"canonical\" href=\"https:\/\/atelierlundileandre.com\/en\/mentions\/\" \/>\n<meta property=\"og:locale\" content=\"en_US\" \/>\n<meta property=\"og:type\" content=\"article\" \/>\n<meta property=\"og:title\" content=\"Les mentions l\u00e9gales | Atelier Lundi-L\u00e9andre\" \/>\n<meta property=\"og:description\" content=\"Mentions l\u00e9gales, conditions g\u00e9n\u00e9rales de vente et d\u2019utilisation, et politique de confidentialit\u00e9 pour un site d\u2019art en toute transparence.\" \/>\n<meta property=\"og:url\" content=\"https:\/\/atelierlundileandre.com\/en\/mentions\/\" \/>\n<meta property=\"og:site_name\" content=\"atelierlundileandre.com\" \/>\n<meta property=\"article:modified_time\" content=\"2025-09-15T12:06:03+00:00\" \/>\n<meta name=\"twitter:card\" content=\"summary_large_image\" \/>\n<script type=\"application\/ld+json\" class=\"yoast-schema-graph\">{\"@context\":\"https:\/\/schema.org\",\"@graph\":[{\"@type\":\"WebPage\",\"@id\":\"https:\/\/atelierlundileandre.com\/mentions\/\",\"url\":\"https:\/\/atelierlundileandre.com\/mentions\/\",\"name\":\"Les mentions l\u00e9gales | Atelier Lundi-L\u00e9andre\",\"isPartOf\":{\"@id\":\"https:\/\/atelierlundileandre.com\/#website\"},\"datePublished\":\"2025-04-15T20:02:34+00:00\",\"dateModified\":\"2025-09-15T12:06:03+00:00\",\"description\":\"Mentions l\u00e9gales, conditions g\u00e9n\u00e9rales de vente et d\u2019utilisation, et politique de confidentialit\u00e9 pour un site d\u2019art en toute transparence.\",\"breadcrumb\":{\"@id\":\"https:\/\/atelierlundileandre.com\/mentions\/#breadcrumb\"},\"inLanguage\":\"en-US\",\"potentialAction\":[{\"@type\":\"ReadAction\",\"target\":[\"https:\/\/atelierlundileandre.com\/mentions\/\"]}]},{\"@type\":\"BreadcrumbList\",\"@id\":\"https:\/\/atelierlundileandre.com\/mentions\/#breadcrumb\",\"itemListElement\":[{\"@type\":\"ListItem\",\"position\":1,\"name\":\"Accueil\",\"item\":\"https:\/\/atelierlundileandre.com\/\"},{\"@type\":\"ListItem\",\"position\":2,\"name\":\"Les Mentions\"}]},{\"@type\":\"WebSite\",\"@id\":\"https:\/\/atelierlundileandre.com\/#website\",\"url\":\"https:\/\/atelierlundileandre.com\/\",\"name\":\"atelierlundileandre.com\",\"description\":\"\",\"publisher\":{\"@id\":\"https:\/\/atelierlundileandre.com\/#organization\"},\"potentialAction\":[{\"@type\":\"SearchAction\",\"target\":{\"@type\":\"EntryPoint\",\"urlTemplate\":\"https:\/\/atelierlundileandre.com\/?s={search_term_string}\"},\"query-input\":{\"@type\":\"PropertyValueSpecification\",\"valueRequired\":true,\"valueName\":\"search_term_string\"}}],\"inLanguage\":\"en-US\"},{\"@type\":\"Organization\",\"@id\":\"https:\/\/atelierlundileandre.com\/#organization\",\"name\":\"Atelier Lundi-L\u00e9andre\",\"url\":\"https:\/\/atelierlundileandre.com\/\",\"logo\":{\"@type\":\"ImageObject\",\"inLanguage\":\"en-US\",\"@id\":\"https:\/\/atelierlundileandre.com\/#\/schema\/logo\/image\/\",\"url\":\"https:\/\/atelierlundileandre.com\/wp-content\/uploads\/2025\/03\/logo_Atelier-Lundi-Leandre.png\",\"contentUrl\":\"https:\/\/atelierlundileandre.com\/wp-content\/uploads\/2025\/03\/logo_Atelier-Lundi-Leandre.png\",\"width\":2225,\"height\":1918,\"caption\":\"Atelier Lundi-L\u00e9andre\"},\"image\":{\"@id\":\"https:\/\/atelierlundileandre.com\/#\/schema\/logo\/image\/\"},\"sameAs\":[\"https:\/\/www.linkedin.com\/in\/jessica-lundi-landre-70b9422a2?utm_source=share&utm_campaign=share_via&utm_content=profile&utm_medium=ios_app\",\"https:\/\/www.instagram.com\/atelierlundileandre?igsh=aDFmZGN1bHI5bWd3\",\"https:\/\/youtube.com\/@resiliombre?si=d2lRf4BChtUuB1o7\",\"https:\/\/pin.it\/4q4orVDyE\",\"https:\/\/www.tiktok.com\/@resiliombre?_t=ZN-8vUfWa2sbbS&_r=1\"]}]}<\/script>\n<!-- \/ Yoast SEO plugin. -->","yoast_head_json":{"title":"Les mentions l\u00e9gales | Atelier Lundi-L\u00e9andre","description":"Mentions l\u00e9gales, conditions g\u00e9n\u00e9rales de vente et d\u2019utilisation, et politique de confidentialit\u00e9 pour un site d\u2019art en toute transparence.","robots":{"index":"index","follow":"follow","max-snippet":"max-snippet:-1","max-image-preview":"max-image-preview:large","max-video-preview":"max-video-preview:-1"},"canonical":"https:\/\/atelierlundileandre.com\/en\/mentions\/","og_locale":"en_US","og_type":"article","og_title":"Les mentions l\u00e9gales | Atelier Lundi-L\u00e9andre","og_description":"Mentions l\u00e9gales, conditions g\u00e9n\u00e9rales de vente et d\u2019utilisation, et politique de confidentialit\u00e9 pour un site d\u2019art en toute transparence.","og_url":"https:\/\/atelierlundileandre.com\/en\/mentions\/","og_site_name":"atelierlundileandre.com","article_modified_time":"2025-09-15T12:06:03+00:00","twitter_card":"summary_large_image","schema":{"@context":"https:\/\/schema.org","@graph":[{"@type":"WebPage","@id":"https:\/\/atelierlundileandre.com\/mentions\/","url":"https:\/\/atelierlundileandre.com\/mentions\/","name":"Les mentions l\u00e9gales | Atelier Lundi-L\u00e9andre","isPartOf":{"@id":"https:\/\/atelierlundileandre.com\/#website"},"datePublished":"2025-04-15T20:02:34+00:00","dateModified":"2025-09-15T12:06:03+00:00","description":"Mentions l\u00e9gales, conditions g\u00e9n\u00e9rales de vente et d\u2019utilisation, et politique de confidentialit\u00e9 pour un site d\u2019art en toute transparence.","breadcrumb":{"@id":"https:\/\/atelierlundileandre.com\/mentions\/#breadcrumb"},"inLanguage":"en-US","potentialAction":[{"@type":"ReadAction","target":["https:\/\/atelierlundileandre.com\/mentions\/"]}]},{"@type":"BreadcrumbList","@id":"https:\/\/atelierlundileandre.com\/mentions\/#breadcrumb","itemListElement":[{"@type":"ListItem","position":1,"name":"Accueil","item":"https:\/\/atelierlundileandre.com\/"},{"@type":"ListItem","position":2,"name":"Les Mentions"}]},{"@type":"WebSite","@id":"https:\/\/atelierlundileandre.com\/#website","url":"https:\/\/atelierlundileandre.com\/","name":"atelierlundileandre.com","description":"","publisher":{"@id":"https:\/\/atelierlundileandre.com\/#organization"},"potentialAction":[{"@type":"SearchAction","target":{"@type":"EntryPoint","urlTemplate":"https:\/\/atelierlundileandre.com\/?s={search_term_string}"},"query-input":{"@type":"PropertyValueSpecification","valueRequired":true,"valueName":"search_term_string"}}],"inLanguage":"en-US"},{"@type":"Organization","@id":"https:\/\/atelierlundileandre.com\/#organization","name":"Atelier Lundi-L\u00e9andre","url":"https:\/\/atelierlundileandre.com\/","logo":{"@type":"ImageObject","inLanguage":"en-US","@id":"https:\/\/atelierlundileandre.com\/#\/schema\/logo\/image\/","url":"https:\/\/atelierlundileandre.com\/wp-content\/uploads\/2025\/03\/logo_Atelier-Lundi-Leandre.png","contentUrl":"https:\/\/atelierlundileandre.com\/wp-content\/uploads\/2025\/03\/logo_Atelier-Lundi-Leandre.png","width":2225,"height":1918,"caption":"Atelier Lundi-L\u00e9andre"},"image":{"@id":"https:\/\/atelierlundileandre.com\/#\/schema\/logo\/image\/"},"sameAs":["https:\/\/www.linkedin.com\/in\/jessica-lundi-landre-70b9422a2?utm_source=share&utm_campaign=share_via&utm_content=profile&utm_medium=ios_app","https:\/\/www.instagram.com\/atelierlundileandre?igsh=aDFmZGN1bHI5bWd3","https:\/\/youtube.com\/@resiliombre?si=d2lRf4BChtUuB1o7","https:\/\/pin.it\/4q4orVDyE","https:\/\/www.tiktok.com\/@resiliombre?_t=ZN-8vUfWa2sbbS&_r=1"]}]}},"_links":{"self":[{"href":"https:\/\/atelierlundileandre.com\/en\/wp-json\/wp\/v2\/pages\/703","targetHints":{"allow":["GET"]}}],"collection":[{"href":"https:\/\/atelierlundileandre.com\/en\/wp-json\/wp\/v2\/pages"}],"about":[{"href":"https:\/\/atelierlundileandre.com\/en\/wp-json\/wp\/v2\/types\/page"}],"author":[{"embeddable":true,"href":"https:\/\/atelierlundileandre.com\/en\/wp-json\/wp\/v2\/users\/2"}],"replies":[{"embeddable":true,"href":"https:\/\/atelierlundileandre.com\/en\/wp-json\/wp\/v2\/comments?post=703"}],"version-history":[{"count":20,"href":"https:\/\/atelierlundileandre.com\/en\/wp-json\/wp\/v2\/pages\/703\/revisions"}],"predecessor-version":[{"id":4963,"href":"https:\/\/atelierlundileandre.com\/en\/wp-json\/wp\/v2\/pages\/703\/revisions\/4963"}],"wp:attachment":[{"href":"https:\/\/atelierlundileandre.com\/en\/wp-json\/wp\/v2\/media?parent=703"}],"curies":[{"name":"wp","href":"https:\/\/api.w.org\/{rel}","templated":true}]}}