{"id":7,"date":"2024-12-11T16:17:43","date_gmt":"2024-12-11T16:17:43","guid":{"rendered":"http:\/\/atelierlundileandre.com\/index.php\/cart\/"},"modified":"2025-04-21T12:50:06","modified_gmt":"2025-04-21T12:50:06","slug":"cart","status":"publish","type":"page","link":"https:\/\/atelierlundileandre.com\/en\/cart\/","title":{"rendered":"Panier"},"content":{"rendered":"<div data-block-name=\"woocommerce\/cart\" class=\"wp-block-woocommerce-cart alignwide is-loading\">\n<div data-block-name=\"woocommerce\/filled-cart-block\" class=\"wp-block-woocommerce-filled-cart-block\">\n<div data-block-name=\"woocommerce\/cart-items-block\" class=\"wp-block-woocommerce-cart-items-block\">\n<div data-block-name=\"woocommerce\/cart-line-items-block\" class=\"wp-block-woocommerce-cart-line-items-block\"><\/div>\n\n\n\n<div data-block-name=\"woocommerce\/cart-cross-sells-block\" class=\"wp-block-woocommerce-cart-cross-sells-block\">\n<h2 class=\"wp-block-heading has-large-font-size\">You may be interested in\u2026<\/h2>\n\n\n\n<div data-block-name=\"woocommerce\/cart-cross-sells-products-block\" class=\"wp-block-woocommerce-cart-cross-sells-products-block\"><\/div>\n<\/div>\n<\/div>\n\n\n\n<div data-block-name=\"woocommerce\/cart-totals-block\" class=\"wp-block-woocommerce-cart-totals-block\">\n<div data-block-name=\"woocommerce\/cart-order-summary-block\" class=\"wp-block-woocommerce-cart-order-summary-block\">\n<div data-block-name=\"woocommerce\/cart-order-summary-heading-block\" class=\"wp-block-woocommerce-cart-order-summary-heading-block\"><\/div><div data-block-name=\"woocommerce\/cart-order-summary-coupon-form-block\" class=\"wp-block-woocommerce-cart-order-summary-coupon-form-block\"><\/div><div data-block-name=\"woocommerce\/cart-order-summary-totals-block\" class=\"wp-block-woocommerce-cart-order-summary-totals-block\">\n<div data-block-name=\"woocommerce\/cart-order-summary-subtotal-block\" class=\"wp-block-woocommerce-cart-order-summary-subtotal-block\"><\/div>\n<div data-block-name=\"woocommerce\/cart-order-summary-discount-block\" class=\"wp-block-woocommerce-cart-order-summary-discount-block\"><\/div>\n<div data-block-name=\"woocommerce\/cart-order-summary-fee-block\" class=\"wp-block-woocommerce-cart-order-summary-fee-block\"><\/div>\n<div data-block-name=\"woocommerce\/cart-order-summary-shipping-block\" class=\"wp-block-woocommerce-cart-order-summary-shipping-block\"><\/div>\n<div data-block-name=\"woocommerce\/cart-order-summary-taxes-block\" class=\"wp-block-woocommerce-cart-order-summary-taxes-block\"><\/div><\/div>\n<\/div>\n\n\n\n<div data-block-name=\"woocommerce\/cart-express-payment-block\" class=\"wp-block-woocommerce-cart-express-payment-block\"><\/div>\n\n\n\n<div data-block-name=\"woocommerce\/proceed-to-checkout-block\" class=\"wp-block-woocommerce-proceed-to-checkout-block\"><\/div>\n\n\n\n<div data-block-name=\"woocommerce\/cart-accepted-payment-methods-block\" class=\"wp-block-woocommerce-cart-accepted-payment-methods-block\"><\/div>\n<\/div>\n<\/div>\n\n\n\n<div data-block-name=\"woocommerce\/empty-cart-block\" class=\"wp-block-woocommerce-empty-cart-block\">\n<h2 class=\"wp-block-heading has-text-align-center with-empty-cart-icon wc-block-cart__empty-cart__title\">Your cart is currently empty!<\/h2>\n\n\n\n<hr class=\"wp-block-separator has-alpha-channel-opacity is-style-dots\"\/>\n\n\n\n<h2 class=\"wp-block-heading has-text-align-center\">New in store<\/h2>\n\n\n<div data-block-name=\"woocommerce\/product-new\" data-columns=\"4\" data-rows=\"1\" class=\"wc-block-grid wp-block-product-new wp-block-woocommerce-product-new wc-block-product-new has-4-columns\"><ul class=\"wc-block-grid__products\"><li class=\"wc-block-grid__product\">\n\t\t\t\t<a href=\"https:\/\/atelierlundileandre.com\/en\/product\/le-repos-2023\/\" class=\"wc-block-grid__product-link\">\n\t\t\t\t\t\n\t\t\t\t\t<div class=\"wc-block-grid__product-image\"><img fetchpriority=\"high\" decoding=\"async\" width=\"1600\" height=\"2000\" src=\"https:\/\/atelierlundileandre.com\/wp-content\/uploads\/2025\/04\/Le-repos-scaled-1600x2000.webp\" class=\"attachment-woocommerce_thumbnail size-woocommerce_thumbnail\" alt=\"Peinture \u00e0 l&#039;huile, Le repos, 2023. Inspir\u00e9e de La Victoire de la foi de George Hare. Par Jessica Lundi-L\u00e9andre.\" \/><\/div>\n\t\t\t\t\t<div class=\"wc-block-grid__product-title\">Rest, 2023<\/div>\n\t\t\t\t<\/a>\n\t\t\t\t<div class=\"wc-block-grid__product-price price\"><span class=\"woocommerce-Price-amount amount\">20.00&nbsp;<span class=\"woocommerce-Price-currencySymbol\">&euro;<\/span><\/span><\/div>\n\t\t\t\t\n\t\t\t\t<div class=\"wp-block-button wc-block-grid__product-add-to-cart\"><a href=\"\/en\/wp-json\/wp\/v2\/pages\/7?add-to-cart=647\" aria-label=\"Add to cart: \u201cLe repos, 2023\u201d\" data-quantity=\"1\" data-product_id=\"647\" data-product_sku=\"\" data-price=\"20\" rel=\"nofollow\" class=\"wp-block-button__link  add_to_cart_button ajax_add_to_cart\" data-no-translation=\"\" data-trp-gettext=\"\" data-no-translation-aria-label=\"\">Add to cart<\/a><\/div>\n\t\t\t<\/li><li class=\"wc-block-grid__product\">\n\t\t\t\t<a href=\"https:\/\/atelierlundileandre.com\/en\/product\/les-amantes-2023\/\" class=\"wc-block-grid__product-link\">\n\t\t\t\t\t\n\t\t\t\t\t<div class=\"wc-block-grid__product-image\"><img decoding=\"async\" width=\"1600\" height=\"2000\" src=\"https:\/\/atelierlundileandre.com\/wp-content\/uploads\/2025\/04\/Les-amantes-2-scaled-1600x2000.webp\" class=\"attachment-woocommerce_thumbnail size-woocommerce_thumbnail\" alt=\"Les amantes, 2023\" \/><\/div>\n\t\t\t\t\t<div class=\"wc-block-grid__product-title\">Lovers, 2023<\/div>\n\t\t\t\t<\/a>\n\t\t\t\t<div class=\"wc-block-grid__product-price price\"><span class=\"woocommerce-Price-amount amount\">20.00&nbsp;<span class=\"woocommerce-Price-currencySymbol\">&euro;<\/span><\/span><\/div>\n\t\t\t\t\n\t\t\t\t<div class=\"wp-block-button wc-block-grid__product-add-to-cart\"><a href=\"\/en\/wp-json\/wp\/v2\/pages\/7?add-to-cart=645\" aria-label=\"Add to cart: \u201cLes amantes, 2023\u201d\" data-quantity=\"1\" data-product_id=\"645\" data-product_sku=\"\" data-price=\"20\" rel=\"nofollow\" class=\"wp-block-button__link  add_to_cart_button ajax_add_to_cart\" data-no-translation=\"\" data-trp-gettext=\"\" data-no-translation-aria-label=\"\">Add to cart<\/a><\/div>\n\t\t\t<\/li><li class=\"wc-block-grid__product\">\n\t\t\t\t<a href=\"https:\/\/atelierlundileandre.com\/en\/product\/lenlevement-2025\/\" class=\"wc-block-grid__product-link\">\n\t\t\t\t\t\n\t\t\t\t\t<div class=\"wc-block-grid__product-image\"><img decoding=\"async\" width=\"1600\" height=\"2000\" src=\"https:\/\/atelierlundileandre.com\/wp-content\/uploads\/2025\/04\/IMG_2945-1-scaled-1600x2000.webp\" class=\"attachment-woocommerce_thumbnail size-woocommerce_thumbnail\" alt=\"L\u2019enl\u00e8vement, 2025\" \/><\/div>\n\t\t\t\t\t<div class=\"wc-block-grid__product-title\">The abduction, 2025<\/div>\n\t\t\t\t<\/a>\n\t\t\t\t<div class=\"wc-block-grid__product-price price\"><span class=\"woocommerce-Price-amount amount\">20.00&nbsp;<span class=\"woocommerce-Price-currencySymbol\">&euro;<\/span><\/span><\/div>\n\t\t\t\t\n\t\t\t\t<div class=\"wp-block-button wc-block-grid__product-add-to-cart\"><a href=\"\/en\/wp-json\/wp\/v2\/pages\/7?add-to-cart=622\" aria-label=\"Add to cart: \u201cL\u2019enl\u00e8vement, 2025\u201d\" data-quantity=\"1\" data-product_id=\"622\" data-product_sku=\"\" data-price=\"20\" rel=\"nofollow\" class=\"wp-block-button__link  add_to_cart_button ajax_add_to_cart\" data-no-translation=\"\" data-trp-gettext=\"\" data-no-translation-aria-label=\"\">Add to cart<\/a><\/div>\n\t\t\t<\/li><\/ul><\/div><\/div>\n<\/div>","protected":false},"excerpt":{"rendered":"","protected":false},"author":3,"featured_media":0,"parent":0,"menu_order":0,"comment_status":"closed","ping_status":"closed","template":"elementor_header_footer","meta":{"site-sidebar-layout":"default","site-content-layout":"","ast-site-content-layout":"default","site-content-style":"default","site-sidebar-style":"default","ast-global-header-display":"","ast-banner-title-visibility":"","ast-main-header-display":"","ast-hfb-above-header-display":"","ast-hfb-below-header-display":"","ast-hfb-mobile-header-display":"","site-post-title":"","ast-breadcrumbs-content":"","ast-featured-img":"","footer-sml-layout":"","ast-disable-related-posts":"","theme-transparent-header-meta":"","adv-header-id-meta":"","stick-header-meta":"","header-above-stick-meta":"","header-main-stick-meta":"","header-below-stick-meta":"","astra-migrate-meta-layouts":"default","ast-page-background-enabled":"default","ast-page-background-meta":{"desktop":{"background-color":"var(--ast-global-color-4)","background-image":"","background-repeat":"repeat","background-position":"center center","background-size":"auto","background-attachment":"scroll","background-type":"","background-media":"","overlay-type":"","overlay-color":"","overlay-opacity":"","overlay-gradient":""},"tablet":{"background-color":"","background-image":"","background-repeat":"repeat","background-position":"center center","background-size":"auto","background-attachment":"scroll","background-type":"","background-media":"","overlay-type":"","overlay-color":"","overlay-opacity":"","overlay-gradient":""},"mobile":{"background-color":"","background-image":"","background-repeat":"repeat","background-position":"center center","background-size":"auto","background-attachment":"scroll","background-type":"","background-media":"","overlay-type":"","overlay-color":"","overlay-opacity":"","overlay-gradient":""}},"ast-content-background-meta":{"desktop":{"background-color":"var(--ast-global-color-5)","background-image":"","background-repeat":"repeat","background-position":"center center","background-size":"auto","background-attachment":"scroll","background-type":"","background-media":"","overlay-type":"","overlay-color":"","overlay-opacity":"","overlay-gradient":""},"tablet":{"background-color":"var(--ast-global-color-5)","background-image":"","background-repeat":"repeat","background-position":"center center","background-size":"auto","background-attachment":"scroll","background-type":"","background-media":"","overlay-type":"","overlay-color":"","overlay-opacity":"","overlay-gradient":""},"mobile":{"background-color":"var(--ast-global-color-5)","background-image":"","background-repeat":"repeat","background-position":"center center","background-size":"auto","background-attachment":"scroll","background-type":"","background-media":"","overlay-type":"","overlay-color":"","overlay-opacity":"","overlay-gradient":""}},"footnotes":""},"class_list":["post-7","page","type-page","status-publish","hentry"],"yoast_head":"<!-- This site is optimized with the Yoast SEO plugin v27.1.1 - https:\/\/yoast.com\/product\/yoast-seo-wordpress\/ -->\n<title>Votre panier \u2013 Atelier Lundi-L\u00e9andre<\/title>\n<meta name=\"description\" content=\"Retrouvez ici les \u0153uvres que vous avez s\u00e9lectionn\u00e9es dans votre panier. Finalisez votre achat en toute simplicit\u00e9 sur la boutique de l\u2019Atelier Lundi-L\u00e9andre.\" \/>\n<meta name=\"robots\" content=\"index, follow, max-snippet:-1, max-image-preview:large, max-video-preview:-1\" \/>\n<link rel=\"canonical\" href=\"https:\/\/atelierlundileandre.com\/en\/cart\/\" \/>\n<meta property=\"og:locale\" content=\"en_US\" \/>\n<meta property=\"og:type\" content=\"article\" \/>\n<meta property=\"og:title\" content=\"Votre panier \u2013 Atelier Lundi-L\u00e9andre\" \/>\n<meta property=\"og:description\" content=\"Retrouvez ici les \u0153uvres que vous avez s\u00e9lectionn\u00e9es dans votre panier. Finalisez votre achat en toute simplicit\u00e9 sur la boutique de l\u2019Atelier Lundi-L\u00e9andre.\" \/>\n<meta property=\"og:url\" content=\"https:\/\/atelierlundileandre.com\/en\/cart\/\" \/>\n<meta property=\"og:site_name\" content=\"atelierlundileandre.com\" \/>\n<meta property=\"article:modified_time\" content=\"2025-04-21T12:50:06+00:00\" \/>\n<meta name=\"twitter:card\" content=\"summary_large_image\" \/>\n<meta name=\"twitter:label1\" content=\"Est. reading time\" \/>\n\t<meta name=\"twitter:data1\" content=\"1 minute\" \/>\n<script type=\"application\/ld+json\" class=\"yoast-schema-graph\">{\"@context\":\"https:\/\/schema.org\",\"@graph\":[{\"@type\":\"WebPage\",\"@id\":\"https:\/\/atelierlundileandre.com\/cart\/\",\"url\":\"https:\/\/atelierlundileandre.com\/cart\/\",\"name\":\"Votre panier \u2013 Atelier Lundi-L\u00e9andre\",\"isPartOf\":{\"@id\":\"https:\/\/atelierlundileandre.com\/#website\"},\"datePublished\":\"2024-12-11T16:17:43+00:00\",\"dateModified\":\"2025-04-21T12:50:06+00:00\",\"description\":\"Retrouvez ici les \u0153uvres que vous avez s\u00e9lectionn\u00e9es dans votre panier. Finalisez votre achat en toute simplicit\u00e9 sur la boutique de l\u2019Atelier Lundi-L\u00e9andre.\",\"breadcrumb\":{\"@id\":\"https:\/\/atelierlundileandre.com\/cart\/#breadcrumb\"},\"inLanguage\":\"en-US\",\"potentialAction\":[{\"@type\":\"ReadAction\",\"target\":[\"https:\/\/atelierlundileandre.com\/cart\/\"]}]},{\"@type\":\"BreadcrumbList\",\"@id\":\"https:\/\/atelierlundileandre.com\/cart\/#breadcrumb\",\"itemListElement\":[{\"@type\":\"ListItem\",\"position\":1,\"name\":\"Accueil\",\"item\":\"https:\/\/atelierlundileandre.com\/\"},{\"@type\":\"ListItem\",\"position\":2,\"name\":\"Panier\"}]},{\"@type\":\"WebSite\",\"@id\":\"https:\/\/atelierlundileandre.com\/#website\",\"url\":\"https:\/\/atelierlundileandre.com\/\",\"name\":\"atelierlundileandre.com\",\"description\":\"\",\"publisher\":{\"@id\":\"https:\/\/atelierlundileandre.com\/#organization\"},\"potentialAction\":[{\"@type\":\"SearchAction\",\"target\":{\"@type\":\"EntryPoint\",\"urlTemplate\":\"https:\/\/atelierlundileandre.com\/?s={search_term_string}\"},\"query-input\":{\"@type\":\"PropertyValueSpecification\",\"valueRequired\":true,\"valueName\":\"search_term_string\"}}],\"inLanguage\":\"en-US\"},{\"@type\":\"Organization\",\"@id\":\"https:\/\/atelierlundileandre.com\/#organization\",\"name\":\"Atelier Lundi-L\u00e9andre\",\"url\":\"https:\/\/atelierlundileandre.com\/\",\"logo\":{\"@type\":\"ImageObject\",\"inLanguage\":\"en-US\",\"@id\":\"https:\/\/atelierlundileandre.com\/#\/schema\/logo\/image\/\",\"url\":\"https:\/\/atelierlundileandre.com\/wp-content\/uploads\/2025\/03\/logo_Atelier-Lundi-Leandre.png\",\"contentUrl\":\"https:\/\/atelierlundileandre.com\/wp-content\/uploads\/2025\/03\/logo_Atelier-Lundi-Leandre.png\",\"width\":2225,\"height\":1918,\"caption\":\"Atelier Lundi-L\u00e9andre\"},\"image\":{\"@id\":\"https:\/\/atelierlundileandre.com\/#\/schema\/logo\/image\/\"},\"sameAs\":[\"https:\/\/www.linkedin.com\/in\/jessica-lundi-landre-70b9422a2?utm_source=share&utm_campaign=share_via&utm_content=profile&utm_medium=ios_app\",\"https:\/\/www.instagram.com\/atelierlundileandre?igsh=aDFmZGN1bHI5bWd3\",\"https:\/\/youtube.com\/@resiliombre?si=d2lRf4BChtUuB1o7\",\"https:\/\/pin.it\/4q4orVDyE\",\"https:\/\/www.tiktok.com\/@resiliombre?_t=ZN-8vUfWa2sbbS&_r=1\"]}]}<\/script>\n<!-- \/ Yoast SEO plugin. -->","yoast_head_json":{"title":"Votre panier \u2013 Atelier Lundi-L\u00e9andre","description":"Retrouvez ici les \u0153uvres que vous avez s\u00e9lectionn\u00e9es dans votre panier. Finalisez votre achat en toute simplicit\u00e9 sur la boutique de l\u2019Atelier Lundi-L\u00e9andre.","robots":{"index":"index","follow":"follow","max-snippet":"max-snippet:-1","max-image-preview":"max-image-preview:large","max-video-preview":"max-video-preview:-1"},"canonical":"https:\/\/atelierlundileandre.com\/en\/cart\/","og_locale":"en_US","og_type":"article","og_title":"Votre panier \u2013 Atelier Lundi-L\u00e9andre","og_description":"Retrouvez ici les \u0153uvres que vous avez s\u00e9lectionn\u00e9es dans votre panier. Finalisez votre achat en toute simplicit\u00e9 sur la boutique de l\u2019Atelier Lundi-L\u00e9andre.","og_url":"https:\/\/atelierlundileandre.com\/en\/cart\/","og_site_name":"atelierlundileandre.com","article_modified_time":"2025-04-21T12:50:06+00:00","twitter_card":"summary_large_image","twitter_misc":{"Est. reading time":"1 minute"},"schema":{"@context":"https:\/\/schema.org","@graph":[{"@type":"WebPage","@id":"https:\/\/atelierlundileandre.com\/cart\/","url":"https:\/\/atelierlundileandre.com\/cart\/","name":"Votre panier \u2013 Atelier Lundi-L\u00e9andre","isPartOf":{"@id":"https:\/\/atelierlundileandre.com\/#website"},"datePublished":"2024-12-11T16:17:43+00:00","dateModified":"2025-04-21T12:50:06+00:00","description":"Retrouvez ici les \u0153uvres que vous avez s\u00e9lectionn\u00e9es dans votre panier. Finalisez votre achat en toute simplicit\u00e9 sur la boutique de l\u2019Atelier Lundi-L\u00e9andre.","breadcrumb":{"@id":"https:\/\/atelierlundileandre.com\/cart\/#breadcrumb"},"inLanguage":"en-US","potentialAction":[{"@type":"ReadAction","target":["https:\/\/atelierlundileandre.com\/cart\/"]}]},{"@type":"BreadcrumbList","@id":"https:\/\/atelierlundileandre.com\/cart\/#breadcrumb","itemListElement":[{"@type":"ListItem","position":1,"name":"Accueil","item":"https:\/\/atelierlundileandre.com\/"},{"@type":"ListItem","position":2,"name":"Panier"}]},{"@type":"WebSite","@id":"https:\/\/atelierlundileandre.com\/#website","url":"https:\/\/atelierlundileandre.com\/","name":"atelierlundileandre.com","description":"","publisher":{"@id":"https:\/\/atelierlundileandre.com\/#organization"},"potentialAction":[{"@type":"SearchAction","target":{"@type":"EntryPoint","urlTemplate":"https:\/\/atelierlundileandre.com\/?s={search_term_string}"},"query-input":{"@type":"PropertyValueSpecification","valueRequired":true,"valueName":"search_term_string"}}],"inLanguage":"en-US"},{"@type":"Organization","@id":"https:\/\/atelierlundileandre.com\/#organization","name":"Atelier Lundi-L\u00e9andre","url":"https:\/\/atelierlundileandre.com\/","logo":{"@type":"ImageObject","inLanguage":"en-US","@id":"https:\/\/atelierlundileandre.com\/#\/schema\/logo\/image\/","url":"https:\/\/atelierlundileandre.com\/wp-content\/uploads\/2025\/03\/logo_Atelier-Lundi-Leandre.png","contentUrl":"https:\/\/atelierlundileandre.com\/wp-content\/uploads\/2025\/03\/logo_Atelier-Lundi-Leandre.png","width":2225,"height":1918,"caption":"Atelier Lundi-L\u00e9andre"},"image":{"@id":"https:\/\/atelierlundileandre.com\/#\/schema\/logo\/image\/"},"sameAs":["https:\/\/www.linkedin.com\/in\/jessica-lundi-landre-70b9422a2?utm_source=share&utm_campaign=share_via&utm_content=profile&utm_medium=ios_app","https:\/\/www.instagram.com\/atelierlundileandre?igsh=aDFmZGN1bHI5bWd3","https:\/\/youtube.com\/@resiliombre?si=d2lRf4BChtUuB1o7","https:\/\/pin.it\/4q4orVDyE","https:\/\/www.tiktok.com\/@resiliombre?_t=ZN-8vUfWa2sbbS&_r=1"]}]}},"_links":{"self":[{"href":"https:\/\/atelierlundileandre.com\/en\/wp-json\/wp\/v2\/pages\/7","targetHints":{"allow":["GET"]}}],"collection":[{"href":"https:\/\/atelierlundileandre.com\/en\/wp-json\/wp\/v2\/pages"}],"about":[{"href":"https:\/\/atelierlundileandre.com\/en\/wp-json\/wp\/v2\/types\/page"}],"author":[{"embeddable":true,"href":"https:\/\/atelierlundileandre.com\/en\/wp-json\/wp\/v2\/users\/3"}],"replies":[{"embeddable":true,"href":"https:\/\/atelierlundileandre.com\/en\/wp-json\/wp\/v2\/comments?post=7"}],"version-history":[{"count":1,"href":"https:\/\/atelierlundileandre.com\/en\/wp-json\/wp\/v2\/pages\/7\/revisions"}],"predecessor-version":[{"id":1485,"href":"https:\/\/atelierlundileandre.com\/en\/wp-json\/wp\/v2\/pages\/7\/revisions\/1485"}],"wp:attachment":[{"href":"https:\/\/atelierlundileandre.com\/en\/wp-json\/wp\/v2\/media?parent=7"}],"curies":[{"name":"wp","href":"https:\/\/api.w.org\/{rel}","templated":true}]}}